{"id":6717,"date":"2018-06-01T05:53:54","date_gmt":"2018-06-01T05:53:54","guid":{"rendered":"https:\/\/ibero4jobs.com\/?page_id=6717"},"modified":"2018-06-01T05:53:54","modified_gmt":"2018-06-01T05:53:54","slug":"barra-lateral-de-servicos","status":"publish","type":"page","link":"https:\/\/ibero4jobs.com\/pt\/barra-lateral-de-servicos\/","title":{"rendered":"Barra lateral de servi\u00e7os"},"content":{"rendered":"<section class=\"wpb-content-wrapper\"><section data-vc-full-width=\"true\" data-vc-full-width-init=\"false\" class=\"vc_section vc_custom_1527767850756\"><div class=\"vc_row wpb_row vc_row-fluid vc_column-gap-30\"><div class=\"wpb_column vc_column_container vc_col-sm-8\"><div class=\"vc_column-inner vc_custom_1527765435779\"><div class=\"wpb_wrapper\"><h6 style=\"font-size: 15px;color: #0c121f;line-height: 26px;text-align: left\" class=\"vc_custom_heading font-weight-medium letter-spacing-1 vc_custom_1527833771230\" >PREPARE-SE PARA INICIAR A SUA EMOCIONANTE VIAGEM<\/h6><h3 style=\"font-size: 40px;color: #0c121f;line-height: 50px;text-align: left\" class=\"vc_custom_heading font-weight-bold vc_custom_1527833818515\" >Combinamos design, pensamento e t\u00e9cnica<\/h3><p style=\"color: #0c121f;text-align: left\" class=\"vc_custom_heading vc_custom_1527836141455\" >Unde ut optio laboriosam vitae ratione iure blanditiis ipsa harum delectus praesentium soluta autem, repellat voluptatem illum libero earum tempore eius nemo!<\/p><div class=\"vc_row wpb_row vc_inner vc_row-fluid visible-lg visible-md hidden-sm hidden-xs vc_custom_1527843179850\"><div class=\"wpb_column vc_column_container vc_col-sm-6\"><div class=\"vc_column-inner\"><div class=\"wpb_wrapper\">\n\t<div  class=\"wpb_single_image wpb_content_element vc_align_left  vc_custom_1527837339763\">\n\t\t\n\t\t<figure class=\"wpb_wrapper vc_figure\">\n\t\t\t<div class=\"vc_single_image-wrapper   vc_box_border_grey\"><img fetchpriority=\"high\" decoding=\"async\" width=\"498\" height=\"334\" src=\"https:\/\/ibero4jobs.com\/wp-content\/uploads\/2018\/06\/service-sidebar-image01.png\" class=\"vc_single_image-img attachment-full\" alt=\"\" title=\"barra lateral de servi\u00e7o-imagem01\" \/><\/div>\n\t\t<\/figure>\n\t<\/div>\n<\/div><\/div><\/div><div class=\"wpb_column vc_column_container vc_col-sm-6\"><div class=\"vc_column-inner\"><div class=\"wpb_wrapper\">\n\t<div  class=\"wpb_single_image wpb_content_element vc_align_left  vc_custom_1527837667865\">\n\t\t\n\t\t<figure class=\"wpb_wrapper vc_figure\">\n\t\t\t<div class=\"vc_single_image-wrapper   vc_box_border_grey\"><img decoding=\"async\" width=\"498\" height=\"334\" src=\"https:\/\/ibero4jobs.com\/wp-content\/uploads\/2018\/06\/service-sidebar-image02.png\" class=\"vc_single_image-img attachment-full\" alt=\"\" title=\"barra lateral de servi\u00e7o-imagem02\" \/><\/div>\n\t\t<\/figure>\n\t<\/div>\n<\/div><\/div><\/div><\/div><div class=\"vc_row wpb_row vc_inner vc_row-fluid visible-lg visible-md hidden-sm hidden-xs vc_custom_1527843190058 vc_column-gap-30\"><div class=\"wpb_column vc_column_container vc_col-sm-1\"><div class=\"vc_column-inner vc_custom_1527765281845\"><div class=\"wpb_wrapper\"><div class=\"radiantthemes-iconbox element-one  rt440484620\"  data-border-radius=\"square\"><div class=\"radiantthemes-iconbox-holder   vc_custom_1527840820474\"><i class=\"icofont icofont-company\"><\/i> <\/div><\/div><\/div><\/div><\/div><div class=\"wpb_column vc_column_container vc_col-sm-5\"><div class=\"vc_column-inner vc_custom_1527765711869\"><div class=\"wpb_wrapper\"><h3 style=\"font-size: 18px;color: #030712;line-height: 24px;text-align: left\" class=\"vc_custom_heading letter-spacing-0 vc_custom_1527837987042\" >Gest\u00e3o de projectos<\/h3><p style=\"color: #0c121f;text-align: left\" class=\"vc_custom_heading vc_custom_1527840914109\" >Curabitur sit amet sollicitudin risus. Morbi in the sapien neque. Fusce ut maximus urna torna-o mais original.<\/p><\/div><\/div><\/div><div class=\"wpb_column vc_column_container vc_col-sm-1\"><div class=\"vc_column-inner vc_custom_1527765293472\"><div class=\"wpb_wrapper\"><div class=\"radiantthemes-iconbox element-one  rt403624074\"  data-border-radius=\"square\"><div class=\"radiantthemes-iconbox-holder   vc_custom_1527840842418\"><i class=\"icofont icofont-presentation-alt\"><\/i> <\/div><\/div><\/div><\/div><\/div><div class=\"wpb_column vc_column_container vc_col-sm-5\"><div class=\"vc_column-inner vc_custom_1527765745556\"><div class=\"wpb_wrapper\"><h3 style=\"font-size: 18px;color: #030712;line-height: 24px;text-align: left\" class=\"vc_custom_heading letter-spacing-0 vc_custom_1527838007421\" >Contabilidade or\u00e7amental<\/h3><p style=\"color: #0c121f;text-align: left\" class=\"vc_custom_heading vc_custom_1527840927300\" >Curabitur sit amet sollicitudin risus. Morbi in the sapien neque. Fusce ut maximus urna torna-o mais original.<\/p><\/div><\/div><\/div><\/div><div class=\"vc_row wpb_row vc_inner vc_row-fluid visible-lg visible-md hidden-sm hidden-xs vc_custom_1527843200137\"><div class=\"wpb_column vc_column_container vc_col-sm-6\"><div class=\"vc_column-inner\"><div class=\"wpb_wrapper\">\n\t<div  class=\"wpb_single_image wpb_content_element vc_align_left  vc_custom_1527837892915\">\n\t\t\n\t\t<figure class=\"wpb_wrapper vc_figure\">\n\t\t\t<div class=\"vc_single_image-wrapper   vc_box_border_grey\"><img decoding=\"async\" width=\"498\" height=\"334\" src=\"https:\/\/ibero4jobs.com\/wp-content\/uploads\/2018\/06\/service-sidebar-image03.png\" class=\"vc_single_image-img attachment-full\" alt=\"\" title=\"barra lateral de servi\u00e7o-imagem03\" \/><\/div>\n\t\t<\/figure>\n\t<\/div>\n<\/div><\/div><\/div><div class=\"wpb_column vc_column_container vc_col-sm-6\"><div class=\"vc_column-inner\"><div class=\"wpb_wrapper\">\n\t<div  class=\"wpb_single_image wpb_content_element vc_align_left  vc_custom_1527837924896\">\n\t\t\n\t\t<figure class=\"wpb_wrapper vc_figure\">\n\t\t\t<div class=\"vc_single_image-wrapper   vc_box_border_grey\"><img loading=\"lazy\" decoding=\"async\" width=\"498\" height=\"334\" src=\"https:\/\/ibero4jobs.com\/wp-content\/uploads\/2018\/06\/service-sidebar-image04.png\" class=\"vc_single_image-img attachment-full\" alt=\"\" title=\"barra lateral de servi\u00e7o-imagem04\" \/><\/div>\n\t\t<\/figure>\n\t<\/div>\n<\/div><\/div><\/div><\/div><div class=\"vc_row wpb_row vc_inner vc_row-fluid visible-lg visible-md hidden-sm hidden-xs vc_custom_1527843212676 vc_column-gap-30\"><div class=\"wpb_column vc_column_container vc_col-sm-1\"><div class=\"vc_column-inner vc_custom_1527765281845\"><div class=\"wpb_wrapper\"><div class=\"radiantthemes-iconbox element-one  rt1894735414\"  data-border-radius=\"square\"><div class=\"radiantthemes-iconbox-holder   vc_custom_1527765273712\"><i class=\"icofont icofont-list\"><\/i> <\/div><\/div><\/div><\/div><\/div><div class=\"wpb_column vc_column_container vc_col-sm-5\"><div class=\"vc_column-inner vc_custom_1527765711869\"><div class=\"wpb_wrapper\"><h3 style=\"font-size: 18px;color: #030712;line-height: 24px;text-align: left\" class=\"vc_custom_heading letter-spacing-0 vc_custom_1527840863781\" >Automatiza\u00e7\u00e3o do fluxo de trabalho<\/h3><p style=\"color: #0c121f;text-align: left\" class=\"vc_custom_heading vc_custom_1527840939579\" >Curabitur sit amet sollicitudin risus. Morbi in the sapien neque. Fusce ut maximus urna torna-o mais original.<\/p><\/div><\/div><\/div><div class=\"wpb_column vc_column_container vc_col-sm-1\"><div class=\"vc_column-inner vc_custom_1527765293472\"><div class=\"wpb_wrapper\"><div class=\"radiantthemes-iconbox element-one  rt522157471\"  data-border-radius=\"square\"><div class=\"radiantthemes-iconbox-holder   vc_custom_1527840897316\"><i class=\"icofont icofont-chart-bar-graph\"><\/i> <\/div><\/div><\/div><\/div><\/div><div class=\"wpb_column vc_column_container vc_col-sm-5\"><div class=\"vc_column-inner vc_custom_1527765745556\"><div class=\"wpb_wrapper\"><h3 style=\"font-size: 18px;color: #030712;line-height: 24px;text-align: left\" class=\"vc_custom_heading letter-spacing-0 vc_custom_1527840885191\" >Previs\u00e3o de mercado<\/h3><p style=\"color: #0c121f;text-align: left\" class=\"vc_custom_heading vc_custom_1527840958679\" >Curabitur sit amet sollicitudin risus. Morbi in the sapien neque. Fusce ut maximus urna torna-o mais original.<\/p><\/div><\/div><\/div><\/div><div class=\"vc_row wpb_row vc_inner vc_row-fluid hidden-lg hidden-md visible-sm visible-xs vc_custom_1527843160962 vc_column-gap-30\"><div class=\"wpb_column vc_column_container vc_col-sm-12\"><div class=\"vc_column-inner vc_custom_1527765281845\"><div class=\"wpb_wrapper\">\n\t<div  class=\"wpb_single_image wpb_content_element vc_align_left  vc_custom_1527837339763\">\n\t\t\n\t\t<figure class=\"wpb_wrapper vc_figure\">\n\t\t\t<div class=\"vc_single_image-wrapper   vc_box_border_grey\"><img fetchpriority=\"high\" decoding=\"async\" width=\"498\" height=\"334\" src=\"https:\/\/ibero4jobs.com\/wp-content\/uploads\/2018\/06\/service-sidebar-image01.png\" class=\"vc_single_image-img attachment-full\" alt=\"\" title=\"barra lateral de servi\u00e7o-imagem01\" \/><\/div>\n\t\t<\/figure>\n\t<\/div>\n<div class=\"radiantthemes-iconbox element-one  rt307983601\"  data-border-radius=\"square\"><div class=\"radiantthemes-iconbox-holder   vc_custom_1527843067172\"><i class=\"icofont icofont-company\"><\/i> <\/div><\/div><h3 style=\"font-size: 18px;color: #030712;line-height: 24px;text-align: left\" class=\"vc_custom_heading letter-spacing-0 vc_custom_1527837987042\" >Gest\u00e3o de projectos<\/h3><p style=\"color: #0c121f;text-align: left\" class=\"vc_custom_heading vc_custom_1527843126239\" >Curabitur sit amet sollicitudin risus. Morbi in the sapien neque. Fusce ut maximus urna torna-o mais original.<\/p>\n\t<div  class=\"wpb_single_image wpb_content_element vc_align_left  vc_custom_1527837667865\">\n\t\t\n\t\t<figure class=\"wpb_wrapper vc_figure\">\n\t\t\t<div class=\"vc_single_image-wrapper   vc_box_border_grey\"><img decoding=\"async\" width=\"498\" height=\"334\" src=\"https:\/\/ibero4jobs.com\/wp-content\/uploads\/2018\/06\/service-sidebar-image02.png\" class=\"vc_single_image-img attachment-full\" alt=\"\" title=\"barra lateral de servi\u00e7o-imagem02\" \/><\/div>\n\t\t<\/figure>\n\t<\/div>\n<div class=\"radiantthemes-iconbox element-one  rt751526013\"  data-border-radius=\"square\"><div class=\"radiantthemes-iconbox-holder   vc_custom_1527843082118\"><i class=\"icofont icofont-presentation-alt\"><\/i> <\/div><\/div><h3 style=\"font-size: 18px;color: #030712;line-height: 24px;text-align: left\" class=\"vc_custom_heading letter-spacing-0 vc_custom_1527838007421\" >Contabilidade or\u00e7amental<\/h3><p style=\"color: #0c121f;text-align: left\" class=\"vc_custom_heading vc_custom_1527843135831\" >Curabitur sit amet sollicitudin risus. Morbi in the sapien neque. Fusce ut maximus urna torna-o mais original.<\/p>\n\t<div  class=\"wpb_single_image wpb_content_element vc_align_left  vc_custom_1527837892915\">\n\t\t\n\t\t<figure class=\"wpb_wrapper vc_figure\">\n\t\t\t<div class=\"vc_single_image-wrapper   vc_box_border_grey\"><img decoding=\"async\" width=\"498\" height=\"334\" src=\"https:\/\/ibero4jobs.com\/wp-content\/uploads\/2018\/06\/service-sidebar-image03.png\" class=\"vc_single_image-img attachment-full\" alt=\"\" title=\"barra lateral de servi\u00e7o-imagem03\" \/><\/div>\n\t\t<\/figure>\n\t<\/div>\n<div class=\"radiantthemes-iconbox element-one  rt1088715729\"  data-border-radius=\"square\"><div class=\"radiantthemes-iconbox-holder   vc_custom_1527843095886\"><i class=\"icofont icofont-list\"><\/i> <\/div><\/div><h3 style=\"font-size: 18px;color: #030712;line-height: 24px;text-align: left\" class=\"vc_custom_heading letter-spacing-0 vc_custom_1527840863781\" >Automatiza\u00e7\u00e3o do fluxo de trabalho<\/h3><p style=\"color: #0c121f;text-align: left\" class=\"vc_custom_heading vc_custom_1527843144525\" >Curabitur sit amet sollicitudin risus. Morbi in the sapien neque. Fusce ut maximus urna torna-o mais original.<\/p>\n\t<div  class=\"wpb_single_image wpb_content_element vc_align_left  vc_custom_1527837924896\">\n\t\t\n\t\t<figure class=\"wpb_wrapper vc_figure\">\n\t\t\t<div class=\"vc_single_image-wrapper   vc_box_border_grey\"><img loading=\"lazy\" decoding=\"async\" width=\"498\" height=\"334\" src=\"https:\/\/ibero4jobs.com\/wp-content\/uploads\/2018\/06\/service-sidebar-image04.png\" class=\"vc_single_image-img attachment-full\" alt=\"\" title=\"barra lateral de servi\u00e7o-imagem04\" \/><\/div>\n\t\t<\/figure>\n\t<\/div>\n<div class=\"radiantthemes-iconbox element-one  rt2054973085\"  data-border-radius=\"square\"><div class=\"radiantthemes-iconbox-holder   vc_custom_1527843108060\"><i class=\"icofont icofont-chart-bar-graph\"><\/i> <\/div><\/div><h3 style=\"font-size: 18px;color: #030712;line-height: 24px;text-align: left\" class=\"vc_custom_heading letter-spacing-0 vc_custom_1527840885191\" >Previs\u00e3o de mercado<\/h3><p style=\"color: #0c121f;text-align: left\" class=\"vc_custom_heading vc_custom_1527840958679\" >Curabitur sit amet sollicitudin risus. Morbi in the sapien neque. Fusce ut maximus urna torna-o mais original.<\/p><\/div><\/div><\/div><\/div><div class=\"vc_row wpb_row vc_inner vc_row-fluid vc_custom_1527841043871\"><div class=\"wpb_column vc_column_container vc_col-sm-12\"><div class=\"vc_column-inner\"><div class=\"wpb_wrapper\"><h6 style=\"font-size: 15px;color: #0c121f;line-height: 26px;text-align: left\" class=\"vc_custom_heading font-weight-medium letter-spacing-1 vc_custom_1527841067820\" >MERECE UM SITE FANT\u00c1STICO<\/h6><h3 style=\"font-size: 40px;color: #0c121f;line-height: 50px;text-align: left\" class=\"vc_custom_heading font-weight-bold vc_custom_1527843506717\" >Tem todas as raz\u00f5es para se mudar<br \/>\nA sua equipa para o Unbound Corking!<\/h3><p style=\"color: #0c121f;text-align: left\" class=\"vc_custom_heading vc_custom_1527841139868\" >Lorem ipsum dolor sit amet, consectetur adipisicing elit. Unde ut optio laboriosam vitae the ratione iure blanditiis ipsa harum delectus praesentium soluta autem.<\/p><\/div><\/div><\/div><\/div>\n\t<div  class=\"wpb_single_image wpb_content_element vc_align_left  vc_custom_1527841318121\">\n\t\t\n\t\t<figure class=\"wpb_wrapper vc_figure\">\n\t\t\t<div class=\"vc_single_image-wrapper   vc_box_border_grey\"><img loading=\"lazy\" decoding=\"async\" width=\"858\" height=\"332\" src=\"https:\/\/ibero4jobs.com\/wp-content\/uploads\/2018\/06\/service-sidebar-image05.png\" class=\"vc_single_image-img attachment-full\" alt=\"\" title=\"barra lateral de servi\u00e7o-imagem05\" srcset=\"https:\/\/ibero4jobs.com\/wp-content\/uploads\/2018\/06\/service-sidebar-image05.png 858w, https:\/\/ibero4jobs.com\/wp-content\/uploads\/2018\/06\/service-sidebar-image05-600x232.png 600w\" sizes=\"(max-width: 858px) 100vw, 858px\" \/><\/div>\n\t\t<\/figure>\n\t<\/div>\n<div class=\"radiantthemes-accordion element-three   vc_custom_1527841980514 rt1496615788\"  ><div class=\"radiantthemes-accordion-item\"><div class=\"radiantthemes-accordion-item-title\"><div class=\"radiantthemes-accordion-item-title-icon\"><i class=\"fa fa-angle-down\"><\/i><\/div><h4 class=\"panel-title\">10 SINAIS DE QUE AINDA N\u00c3O \u00c9 UM BOM UX DESIGNER!<\/h4><\/div><div class=\"radiantthemes-accordion-item-body\">Uma serenidade maravilhosa apoderou-se de toda a minha alma, como estas doces manh\u00e3s de primavera que desfruto com todo o meu cora\u00e7\u00e3o. Estou s\u00f3 e sinto o encanto da exist\u00eancia neste lugar, que foi criado para a felicidade das almas. Excepteur sint occaecat cupidatatat proident. Queremos que os clientes estejam imersos no projeto e no processo criativo. Atrav\u00e9s de actividades como workshops pr\u00e1ticos, grupos de discuss\u00e3o, mapeamento da viagem do utilizador.<\/div><\/div><div class=\"radiantthemes-accordion-item\"><div class=\"radiantthemes-accordion-item-title\"><div class=\"radiantthemes-accordion-item-title-icon\"><i class=\"fa fa-angle-down\"><\/i><\/div><h4 class=\"panel-title\">AS 20 MELHORES IDEIAS DE ARRANQUE PARA DESIGNERS E PROGRAMADORES<\/h4><\/div><div class=\"radiantthemes-accordion-item-body\">Uma serenidade maravilhosa apoderou-se de toda a minha alma, como estas doces manh\u00e3s de primavera que desfruto com todo o meu cora\u00e7\u00e3o. Estou s\u00f3 e sinto o encanto da exist\u00eancia neste lugar, que foi criado para a felicidade das almas. Excepteur sint occaecat cupidatatat proident. Queremos que os clientes estejam imersos no projeto e no processo criativo. Atrav\u00e9s de actividades como workshops pr\u00e1ticos, grupos de discuss\u00e3o, mapeamento da viagem do utilizador.<\/div><\/div><div class=\"radiantthemes-accordion-item\"><div class=\"radiantthemes-accordion-item-title\"><div class=\"radiantthemes-accordion-item-title-icon\"><i class=\"fa fa-angle-down\"><\/i><\/div><h4 class=\"panel-title\">AS MELHORES FERRAMENTAS DE DESIGN PARA ORGANIZAR O SEU TRABALHO<\/h4><\/div><div class=\"radiantthemes-accordion-item-body\">Uma serenidade maravilhosa apoderou-se de toda a minha alma, como estas doces manh\u00e3s de primavera que desfruto com todo o meu cora\u00e7\u00e3o. Estou s\u00f3 e sinto o encanto da exist\u00eancia neste lugar, que foi criado para a felicidade das almas. Excepteur sint occaecat cupidatatat proident. Queremos que os clientes estejam imersos no projeto e no processo criativo. Atrav\u00e9s de actividades como workshops pr\u00e1ticos, grupos de discuss\u00e3o, mapeamento da viagem do utilizador.<\/div><\/div><\/div><\/div><\/div><\/div><div class=\"wpb_column vc_column_container vc_col-sm-4\"><div class=\"vc_column-inner vc_custom_1527833830015\"><div class=\"wpb_wrapper\"><!-- radiantthemes-custom-menu --><div class=\"radiantthemes-custom-menu element-one rt1668222636\"    ><ul id=\"menu-menu-principal-ibero4jobs\" class=\"menu rt-mega-menu-transition-default\"><li id=\"menu-item-8372\" class=\"menu-item menu-item-type-post_type menu-item-object-page menu-flyout rt-mega-menu-hover item-8372\"><a  href=\"https:\/\/ibero4jobs.com\/pt\/projeto\/\">Projeto<\/a><\/li>\n<li id=\"menu-item-8368\" class=\"menu-item menu-item-type-post_type menu-item-object-page menu-flyout rt-mega-menu-hover item-8368\"><a  href=\"https:\/\/ibero4jobs.com\/pt\/membros\/\">Membros<\/a><\/li>\n<li id=\"menu-item-8367\" class=\"menu-item menu-item-type-post_type menu-item-object-page menu-flyout rt-mega-menu-hover item-8367\"><a  href=\"https:\/\/ibero4jobs.com\/pt\/repositorio\/\">Reposit\u00f3rio<\/a><\/li>\n<li id=\"menu-item-8436\" class=\"menu-item menu-item-type-post_type menu-item-object-page menu-flyout rt-mega-menu-hover item-8436\"><a  href=\"https:\/\/ibero4jobs.com\/pt\/comunidade-de-aprendizagem\/\">Comunidade de aprendizagem<\/a><\/li>\n<li id=\"menu-item-8369\" class=\"menu-item menu-item-type-post_type menu-item-object-page menu-flyout rt-mega-menu-hover item-8369\"><a  href=\"https:\/\/ibero4jobs.com\/pt\/noticias\/\">Not\u00edcias<\/a><\/li>\n<li id=\"menu-item-8675\" class=\"menu-item menu-item-type-post_type menu-item-object-page menu-flyout rt-mega-menu-hover item-8675\"><a  href=\"https:\/\/ibero4jobs.com\/pt\/resultados\/\">Resultados<\/a><\/li>\n<\/ul><\/div>\r<!-- radiantthemes-custom-menu -->\r<div class=\"vc_row wpb_row vc_inner vc_row-fluid vc_custom_1529038451491 vc_row-has-fill\"><div class=\"wpb_column vc_column_container vc_col-sm-12\"><div class=\"vc_column-inner vc_custom_1527833921599\"><div class=\"wpb_wrapper\"><h4 style=\"font-size: 20px;color: #030712;line-height: 24px;text-align: left\" class=\"vc_custom_heading font-weight-semibold vc_custom_1527835138751\" >Estat\u00edsticas financeiras<\/h4>\n<div class=\"vc_chart vc_line-chart wpb_content_element vc_custom_1527835351771\" data-vc-tooltips=\"1\" data-vc-animation=\"easeInOutCubic\" data-vc-type=\"line\" data-vc-values=\"{&quot;labels&quot;:[&quot;JAN&quot;,&quot; FEB&quot;,&quot; MAR&quot;,&quot; APR&quot;,&quot; MAY&quot;,&quot; JUN&quot;,&quot; JUL&quot;,&quot; AUG&quot;],&quot;datasets&quot;:[{&quot;label&quot;:&quot;One&quot;,&quot;borderColor&quot;:&quot;#4b63c8&quot;,&quot;backgroundColor&quot;:&quot;#4b63c8&quot;,&quot;data&quot;:[&quot;10&quot;,&quot; 15&quot;,&quot; 20&quot;,&quot; 25&quot;,&quot; 27&quot;,&quot; 25&quot;,&quot; 23&quot;,&quot; 25&quot;]},{&quot;label&quot;:&quot;Two&quot;,&quot;borderColor&quot;:&quot;#ebebeb&quot;,&quot;backgroundColor&quot;:&quot;#ebebeb&quot;,&quot;data&quot;:[&quot;25&quot;,&quot; 18&quot;,&quot; 16&quot;,&quot; 17&quot;,&quot; 20&quot;,&quot; 25&quot;,&quot; 30&quot;,&quot; 35&quot;]}]}\">\n\t\n\t<div class=\"wpb_wrapper\">\n\t\t<canvas class=\"vc_line-chart-canvas\" width=\"1\" height=\"1\"><\/canvas>\n\t<\/div>\n<\/div>\n<\/div><\/div><\/div><\/div><div class=\"vc_row wpb_row vc_inner vc_row-fluid vc_custom_1529038304546\"><div class=\"wpb_column vc_column_container vc_col-sm-12\"><div class=\"vc_column-inner vc_custom_1527836076177\"><div class=\"wpb_wrapper\">\n\t<div  class=\"wpb_single_image wpb_content_element vc_align_left\">\n\t\t\n\t\t<figure class=\"wpb_wrapper vc_figure\">\n\t\t\t<div class=\"vc_single_image-wrapper   vc_box_border_grey\"><img loading=\"lazy\" decoding=\"async\" width=\"450\" height=\"390\" src=\"https:\/\/ibero4jobs.com\/wp-content\/uploads\/2018\/06\/service-sidebar-add-image.png\" class=\"vc_single_image-img attachment-full\" alt=\"\" title=\"imagem de an\u00fancio da barra lateral do servi\u00e7o\" \/><\/div>\n\t\t<\/figure>\n\t<\/div>\n<\/div><\/div><\/div><\/div><\/div><\/div><\/div><\/div><\/section><div class=\"vc_row-full-width vc_clearfix\"><\/div>\n<\/section>","protected":false},"excerpt":{"rendered":"GET READY TO START YOUR EXCITING JOURNEYWe Combine Design, Thinking And TechnicalLorem ipsum dolor sit amet, consectetur adipisicing elit. Unde ut optio laboriosam vitae ratione iure blanditiis ipsa harum delectus praesentium soluta autem, repellat voluptatem illum libero earum tempore eius nemo! Project ManagementCurabitur sit amet sollicitudin risus. Morbi in the sapien neque. Fusce ut maximus [...]","protected":false},"author":10,"featured_media":8052,"parent":0,"menu_order":0,"comment_status":"closed","ping_status":"closed","template":"","meta":{"_monsterinsights_skip_tracking":false,"_monsterinsights_sitenote_active":false,"_monsterinsights_sitenote_note":"","_monsterinsights_sitenote_category":0,"footnotes":""},"class_list":["post-6717","page","type-page","status-publish","has-post-thumbnail","hentry"],"_links":{"self":[{"href":"https:\/\/ibero4jobs.com\/pt\/wp-json\/wp\/v2\/pages\/6717","targetHints":{"allow":["GET"]}}],"collection":[{"href":"https:\/\/ibero4jobs.com\/pt\/wp-json\/wp\/v2\/pages"}],"about":[{"href":"https:\/\/ibero4jobs.com\/pt\/wp-json\/wp\/v2\/types\/page"}],"author":[{"embeddable":true,"href":"https:\/\/ibero4jobs.com\/pt\/wp-json\/wp\/v2\/users\/10"}],"replies":[{"embeddable":true,"href":"https:\/\/ibero4jobs.com\/pt\/wp-json\/wp\/v2\/comments?post=6717"}],"version-history":[{"count":0,"href":"https:\/\/ibero4jobs.com\/pt\/wp-json\/wp\/v2\/pages\/6717\/revisions"}],"wp:featuredmedia":[{"embeddable":true,"href":"https:\/\/ibero4jobs.com\/pt\/wp-json\/wp\/v2\/media\/8052"}],"wp:attachment":[{"href":"https:\/\/ibero4jobs.com\/pt\/wp-json\/wp\/v2\/media?parent=6717"}],"curies":[{"name":"wp","href":"https:\/\/api.w.org\/{rel}","templated":true}]}}