{"id":2,"date":"2023-07-29T05:19:08","date_gmt":"2023-07-29T03:19:08","guid":{"rendered":"https:\/\/ibero4jobs.com\/?page_id=2"},"modified":"2023-07-29T05:19:08","modified_gmt":"2023-07-29T03:19:08","slug":"pagina-de-amostra","status":"publish","type":"page","link":"https:\/\/ibero4jobs.com\/pt\/pagina-de-amostra\/","title":{"rendered":"P\u00e1gina de exemplo"},"content":{"rendered":"<p>Esta \u00e9 uma p\u00e1gina de exemplo. \u00c9 diferente de um post de blogue porque ficar\u00e1 num s\u00f3 lugar e aparecer\u00e1 na navega\u00e7\u00e3o do seu s\u00edtio (na maioria dos temas). A maioria das pessoas come\u00e7a com uma p\u00e1gina \"Sobre\" que as apresenta aos potenciais visitantes do s\u00edtio. Pode dizer algo deste g\u00e9nero:<\/p>\n\n\n\n<blockquote class=\"wp-block-quote is-layout-flow wp-block-quote-is-layout-flow\"><p>Ol\u00e1! Sou empregado de mesa de dia, aspirante a ator de noite e este \u00e9 o meu site. Vivo em Mairena del Alcor, tenho um c\u00e3o chamado Firulais e gosto de rebujito (e de longas tardes com caf\u00e9).<\/p><\/blockquote>\n\n\n\n<p>...ou algo do g\u00e9nero:<\/p>\n\n\n\n<blockquote class=\"wp-block-quote is-layout-flow wp-block-quote-is-layout-flow\"><p>A empresa \"Mariscos Recio\" foi fundada por Antonio Recio Mata. Come\u00e7ou por ser uma pequena empresa que fornecia marisco a hot\u00e9is e restaurantes, mas pouco a pouco foi-se transformando num grande imp\u00e9rio. Mariscos Recio, o mar ao melhor pre\u00e7o.<\/p><\/blockquote>\n\n\n\n<p>Como novo utilizador do WordPress, deve ir a <a href=\"https:\/\/ibero4jobs.com\/wp-admin\/\">a sua secret\u00e1ria<\/a> para apagar esta p\u00e1gina e criar novas p\u00e1ginas para o seu conte\u00fado. Divirta-se!<\/p>","protected":false},"excerpt":{"rendered":"<p>Esta es una p\u00e1gina de ejemplo. Es diferente a una entrada del blog porque permanecer\u00e1 en un solo lugar y aparecer\u00e1 en la navegaci\u00f3n de tu sitio (en la mayor\u00eda de los temas). La mayor\u00eda de las personas comienzan con una p\u00e1gina \u00abAcerca de\u00bb que les presenta a los visitantes potenciales del sitio. Podr\u00edas decir [&hellip;]<\/p>","protected":false},"author":10,"featured_media":0,"parent":0,"menu_order":0,"comment_status":"closed","ping_status":"open","template":"","meta":{"_monsterinsights_skip_tracking":false,"_monsterinsights_sitenote_active":false,"_monsterinsights_sitenote_note":"","_monsterinsights_sitenote_category":0,"footnotes":""},"class_list":["post-2","page","type-page","status-publish","hentry"],"_links":{"self":[{"href":"https:\/\/ibero4jobs.com\/pt\/wp-json\/wp\/v2\/pages\/2","targetHints":{"allow":["GET"]}}],"collection":[{"href":"https:\/\/ibero4jobs.com\/pt\/wp-json\/wp\/v2\/pages"}],"about":[{"href":"https:\/\/ibero4jobs.com\/pt\/wp-json\/wp\/v2\/types\/page"}],"author":[{"embeddable":true,"href":"https:\/\/ibero4jobs.com\/pt\/wp-json\/wp\/v2\/users\/10"}],"replies":[{"embeddable":true,"href":"https:\/\/ibero4jobs.com\/pt\/wp-json\/wp\/v2\/comments?post=2"}],"version-history":[{"count":0,"href":"https:\/\/ibero4jobs.com\/pt\/wp-json\/wp\/v2\/pages\/2\/revisions"}],"wp:attachment":[{"href":"https:\/\/ibero4jobs.com\/pt\/wp-json\/wp\/v2\/media?parent=2"}],"curies":[{"name":"wp","href":"https:\/\/api.w.org\/{rel}","templated":true}]}}