{"id":8209,"date":"2023-08-09T08:04:12","date_gmt":"2023-08-09T13:04:12","guid":{"rendered":"https:\/\/ibero4jobs.com\/?page_id=8209"},"modified":"2023-10-06T17:59:51","modified_gmt":"2023-10-06T22:59:51","slug":"miembros","status":"publish","type":"page","link":"https:\/\/ibero4jobs.com\/es\/miembros\/","title":{"rendered":"Miembros"},"content":{"rendered":"<section class=\"wpb-content-wrapper\"><div class=\"vc_row wpb_row vc_row-fluid\"><div class=\"wpb_column vc_column_container vc_col-sm-12\"><div class=\"vc_column-inner\"><div class=\"wpb_wrapper\">\n\t\t\t<!-- START Miembrosslider REVOLUTION SLIDER 6.6.14 --><p class=\"rs-p-wp-fix\"><\/p>\n\t\t\t<rs-module-wrap id=\"rev_slider_8_1_wrapper\" data-source=\"gallery\" style=\"visibility:hidden;background:transparent;padding:0;\">\n\t\t\t\t<rs-module id=\"rev_slider_8_1\" style=\"\" data-version=\"6.6.14\">\n\t\t\t\t\t<rs-slides style=\"overflow: hidden; position: absolute;\">\n\t\t\t\t\t\t<rs-slide style=\"position: absolute;\" data-key=\"rs-17\" data-title=\"Slide\" data-anim=\"ms:10;\" data-in=\"o:1;\" data-out=\"a:false;\" data-alttrans=\"parallaxtobottom\">\n\t\t\t\t\t\t\t<img fetchpriority=\"high\" decoding=\"async\" src=\"\/\/ibero4jobs.com\/wp-content\/plugins\/revslider\/public\/assets\/assets\/dummy.png\" alt=\"\" title=\"MBanner_1\" width=\"1920\" height=\"692\" class=\"rev-slidebg tp-rs-img rs-lazyload\" data-lazyload=\"\/\/ibero4jobs.com\/wp-content\/uploads\/2023\/08\/MBanner_1.jpg\" data-parallax=\"13\" data-panzoom=\"d:10000;e:back.inOut;ss:100;se:110%;\" data-no-retina>\n<!--\n\t\t\t\t\t\t\t--><p\n\t\t\t\t\t\t\t\tid=\"slider-8-slide-17-layer-1\" \n\t\t\t\t\t\t\t\tclass=\"rs-layer\"\n\t\t\t\t\t\t\t\tdata-type=\"text\"\n\t\t\t\t\t\t\t\tdata-rsp_ch=\"on\"\n\t\t\t\t\t\t\t\tdata-xy=\"x:l,l,c,c;xo:169px,57px,-9px,0;yo:601px,579px,479px,456px;\"\n\t\t\t\t\t\t\t\tdata-text=\"w:normal,nowrap,nowrap,nowrap;s:70,75,50,30;l:70,70,80,58;fw:800,800,700,700;a:center;\"\n\t\t\t\t\t\t\t\tdata-dim=\"w:1236px,916px,675px,397px;h:116px,116px,96px,67px;\"\n\t\t\t\t\t\t\t\tdata-frame_0=\"y:100%;\"\n\t\t\t\t\t\t\t\tdata-frame_0_mask=\"u:t;y:100%;\"\n\t\t\t\t\t\t\t\tdata-frame_1=\"e:power2.inOut;sp:2000;sR:10;\"\n\t\t\t\t\t\t\t\tdata-frame_1_mask=\"u:t;\"\n\t\t\t\t\t\t\t\tdata-frame_999=\"o:0;st:w;sR:6990;\"\n\t\t\t\t\t\t\t\tstyle=\"z-index:3;font-family:'Barlow';\"\n\t\t\t\t\t\t\t>Instituciones Participantes<br \/>\n \n\t\t\t\t\t\t\t<\/p><!--\n-->\t\t\t\t\t\t<\/rs-slide>\n\t\t\t\t\t<\/rs-slides>\n\t\t\t\t<\/rs-module>\n\t\t\t\t<script>\n\t\t\t\t\tsetREVStartSize({c: 'rev_slider_8_1',rl:[1240,1024,778,480],el:[800,768,600,600],gw:[1600,1024,778,480],gh:[800,768,600,600],type:'standard',justify:'',layout:'fullscreen',offsetContainer:'',offset:'',mh:\"0\"});if (window.RS_MODULES!==undefined && window.RS_MODULES.modules!==undefined && window.RS_MODULES.modules[\"revslider81\"]!==undefined) {window.RS_MODULES.modules[\"revslider81\"].once = false;window.revapi8 = undefined;if (window.RS_MODULES.checkMinimal!==undefined) window.RS_MODULES.checkMinimal()}\n\t\t\t\t<\/script>\n\t\t\t<\/rs-module-wrap>\n\t\t\t<!-- END REVOLUTION SLIDER -->\n<\/div><\/div><\/div><\/div><div data-vc-full-width=\"true\" data-vc-full-width-init=\"false\" data-vc-parallax=\"1.5\" class=\"vc_row wpb_row vc_row-fluid vc_custom_1527741643506 vc_row-has-fill vc_general vc_parallax vc_parallax-content-moving\"><div class=\"wpb_column vc_column_container vc_col-sm-12\"><div class=\"vc_column-inner vc_custom_1526450438966\"><div class=\"wpb_wrapper\"><h1 style=\"font-size: 46px;line-height: 55px;text-align: left\" class=\"vc_custom_heading\" >Europa<\/h1>\n\t<div class=\"wpb_text_column wpb_content_element \" >\n\t\t<div class=\"wpb_wrapper\">\n\t\t\t\t\t<div class=\"wpsisac-slick-slider-wrp wpsisac-clearfix \" data-conf=\"{&quot;dots&quot;:&quot;true&quot;,&quot;arrows&quot;:&quot;false&quot;,&quot;autoplay&quot;:&quot;true&quot;,&quot;autoplay_interval&quot;:&quot;20000&quot;,&quot;fade&quot;:&quot;false&quot;,&quot;lazyload&quot;:&quot;&quot;,&quot;speed&quot;:&quot;1800&quot;,&quot;rtl&quot;:&quot;false&quot;,&quot;loop&quot;:&quot;true&quot;,&quot;hover_pause&quot;:&quot;true&quot;}\">\r\n\t\t\t<div id=\"wpsisac-slick-slider-1\" class=\"wpsisac-slick-init wpsisac-slick-slider design-4 \">\r\n\r\n\t\t\t\t<div class=\"wpsisac-image-slide\">\r\t<div class=\"wpsisac-slide-wrap wp-medium-12 wpcolumns\">\r\t\t<div class=\"wpsisac-content-left wp-medium-7 wpcolumns\">\r\t\t\t<h2 class=\"wpsisac-slide-title\">Universidad de Vigo<\/h2>\r\t\t\t\t\t\t\t<div class=\"wpsisac-slider-short-content\"><p style=\"font-size: 17px; line-height: 30px; text-align: justify;\">La Universidade de Vigo es una instituci\u00f3n joven y din\u00e1mica del noroeste espa\u00f1ol que ofrece una gran oferta formativa en sus tres campus especializados e innovadores que la conforman. Fundada en 1990, esta instituci\u00f3n ha mantenido un constante crecimiento y consolidaci\u00f3n posicion\u00e1ndose como una universidad de vanguardia, con la excelencia como objetivo y que est\u00e1 creciendo como una referencia internacional en la innovaci\u00f3n y en la investigaci\u00f3n. Presente en el sur de Galicia, en la frontera con Portugal, en los ayuntamientos de Ourense, Pontevedra y Vigo con tres campus especializados con m\u00e1s de 30 centros para la formaci\u00f3n y para la investigaci\u00f3n, as\u00ed como instalaciones para el deporte y el ocio, con una programaci\u00f3n cultural continuada.<\/p>\n<p>&nbsp;<\/p>\n<h4 style=\"color: #04428c;\">Coordinador<\/h4>\n<p style=\"font-size: 17px; line-height: 30px; text-align: justify;\">Maria Isabel Doval &#8211; <span style=\"color: #04428c;\">mdoval@uvigo.es<\/span><\/p>\n<p><a href=\"https:\/\/www.uvigo.gal\/es\" target=\"_blank\" style=\"color: #FFF; background-color: #04428c; padding: 0.2vw 0.4vw 0.2vw 0.4vw; border-radius: 0.4vw;\" rel=\"noopener\">SABER M\u00c1S<\/a><\/p>\n<\/div>\r\t\t\t\t\t<\/div>\r\r\t\t<div class=\"wpsisac-content-right wp-medium-5 wpcolumns\">\r\t\t\t<img decoding=\"async\"  src=\"https:\/\/ibero4jobs.com\/wp-content\/uploads\/2023\/08\/U-de-Vigo-1.png\" alt=\"Universidad de Vigo\" \/>\r\t\t<\/div>\r\t<\/div>\r<\/div><div class=\"wpsisac-image-slide\">\r\t<div class=\"wpsisac-slide-wrap wp-medium-12 wpcolumns\">\r\t\t<div class=\"wpsisac-content-left wp-medium-7 wpcolumns\">\r\t\t\t<h2 class=\"wpsisac-slide-title\">Instituto Polit\u00e9cnico de Oporto<\/h2>\r\t\t\t\t\t\t\t<div class=\"wpsisac-slider-short-content\"><p style=\"font-size: 17px; line-height: 30px;text-align:justify;\">El Instituto Polit\u00e9cnico de Oporto (IPP) es una de las instituciones de educaci\u00f3n superior m\u00e1s grandes de Portugal con m\u00e1s de 21.211 estudiantes. Comprende 8 escuelas que ofrecen formaci\u00f3n en ingenier\u00eda, educaci\u00f3n, contabilidad, gesti\u00f3n, hosteler\u00eda y turismo, artes, medios de comunicaci\u00f3n, dise\u00f1o, salud y deportes, repartidas en 3 campus. El IPP integra varios centros de investigaci\u00f3n, cubriendo las diferentes \u00e1reas de la oferta formativa, estando varios calificados como excelentes y participa en decenas de proyectos internacionales en los que participan socios de todos los continentes.<\/p>\n<p>&nbsp;<\/p>\n<h4 style=\"color: #04428c;\">Coordinador<\/h4>\n<p style=\"font-size: 17px; line-height: 30px; text-align: justify;\">Jo\u00e3o Rocha &#8211; <span style=\"color: #04428c;\">jsr@isep.ipp.pt<\/span><\/p>\n<p><a href=\"https:\/\/www.ipp.pt\/\" target=\"_blank\" style=\"color: #FFF; background-color: #04428c; padding: 0.2vw 0.4vw 0.2vw 0.4vw; border-radius: 0.4vw;\" rel=\"noopener\">SABER M\u00c1S<\/a><\/p>\n<\/div>\r\t\t\t\t\t<\/div>\r\r\t\t<div class=\"wpsisac-content-right wp-medium-5 wpcolumns\">\r\t\t\t<img decoding=\"async\"  src=\"https:\/\/ibero4jobs.com\/wp-content\/uploads\/2023\/08\/Instituto-de-Oporto-1.png\" alt=\"Instituto Polit\u00e9cnico de Oporto\" \/>\r\t\t<\/div>\r\t<\/div>\r<\/div>\r\n\t\t\t<\/div>\r\n\t\t<\/div>\r\n\t\n\n\t\t<\/div>\n\t<\/div>\n<\/div><\/div><\/div><\/div><div class=\"vc_row-full-width vc_clearfix\"><\/div><div data-vc-full-width=\"true\" data-vc-full-width-init=\"false\" data-vc-parallax=\"1.5\" class=\"vc_row wpb_row vc_row-fluid vc_custom_1527741643506 vc_row-has-fill vc_general vc_parallax vc_parallax-content-moving\"><div class=\"wpb_column vc_column_container vc_col-sm-12\"><div class=\"vc_column-inner vc_custom_1526450438966\"><div class=\"wpb_wrapper\"><div class=\"vc_separator wpb_content_element vc_separator_align_center vc_sep_width_100 vc_sep_pos_align_center vc_sep_color_grey vc_custom_1691688337498\" ><span class=\"vc_sep_holder vc_sep_holder_l\"><span class=\"vc_sep_line\"><\/span><\/span><span class=\"vc_sep_holder vc_sep_holder_r\"><span class=\"vc_sep_line\"><\/span><\/span>\n<\/div><h1 style=\"font-size: 46px;line-height: 55px;text-align: left\" class=\"vc_custom_heading\" >Am\u00e9rica Latina<\/h1>\n\t<div class=\"wpb_text_column wpb_content_element \" >\n\t\t<div class=\"wpb_wrapper\">\n\t\t\t\t\t<div class=\"wpsisac-slick-slider-wrp wpsisac-clearfix \" data-conf=\"{&quot;dots&quot;:&quot;true&quot;,&quot;arrows&quot;:&quot;false&quot;,&quot;autoplay&quot;:&quot;true&quot;,&quot;autoplay_interval&quot;:&quot;20000&quot;,&quot;fade&quot;:&quot;false&quot;,&quot;lazyload&quot;:&quot;&quot;,&quot;speed&quot;:&quot;1800&quot;,&quot;rtl&quot;:&quot;false&quot;,&quot;loop&quot;:&quot;true&quot;,&quot;hover_pause&quot;:&quot;true&quot;}\">\r\n\t\t\t<div id=\"wpsisac-slick-slider-2\" class=\"wpsisac-slick-init wpsisac-slick-slider design-4 \">\r\n\r\n\t\t\t\t<div class=\"wpsisac-image-slide\">\r\t<div class=\"wpsisac-slide-wrap wp-medium-12 wpcolumns\">\r\t\t<div class=\"wpsisac-content-left wp-medium-7 wpcolumns\">\r\t\t\t<h2 class=\"wpsisac-slide-title\">Universidad de Caldas<\/h2>\r\t\t\t\t\t\t\t<div class=\"wpsisac-slider-short-content\"><p style=\"font-size: 17px; line-height: 30px;text-align:justify\">La Universidad de Caldas es una entidad p\u00fablica de orden nacional fundada en 1943 que contribuye a la generaci\u00f3n, apropiaci\u00f3n, difusi\u00f3n y aplicaci\u00f3n del conocimiento a trav\u00e9s de procesos curriculares, de investigaci\u00f3n y de proyecci\u00f3n, a la soluci\u00f3n de los problemas regionales y nacionales. La Universidad de Caldas, acreditada de alta calidad por el Ministerio de Educaci\u00f3n, ha trabajado por el desarrollo sostenible y la integraci\u00f3n de la regi\u00f3n y de Colombia.<\/p>\n<p>&nbsp;<\/p>\n<h4 style=\"color: #04428c;\">Coordinador<\/h4>\n<p style=\"font-size: 17px; line-height: 30px; text-align: justify;\">Margarita Maria Lopez Pinzon &#8211; <span style=\"color: #04428c;\">internacionalizacion@ucaldas.edu.co<\/span><\/p>\n<p><a href=\"https:\/\/www.ucaldas.edu.co\/portal\/\" target=\"_blank\" style=\"color: #FFF; background-color: #04428c; padding: 0.2vw 0.4vw 0.2vw 0.4vw; border-radius: 0.4vw;\" rel=\"noopener\">SABER M\u00c1S<\/a><\/p>\n<\/div>\r\t\t\t\t\t<\/div>\r\r\t\t<div class=\"wpsisac-content-right wp-medium-5 wpcolumns\">\r\t\t\t<img decoding=\"async\"  src=\"https:\/\/ibero4jobs.com\/wp-content\/uploads\/2023\/08\/U-Caldas-1.png\" alt=\"Universidad de Caldas\" \/>\r\t\t<\/div>\r\t<\/div>\r<\/div><div class=\"wpsisac-image-slide\">\r\t<div class=\"wpsisac-slide-wrap wp-medium-12 wpcolumns\">\r\t\t<div class=\"wpsisac-content-left wp-medium-7 wpcolumns\">\r\t\t\t<h2 class=\"wpsisac-slide-title\">Universidad Aut\u00f3noma de Manizales<\/h2>\r\t\t\t\t\t\t\t<div class=\"wpsisac-slider-short-content\"><p style=\"font-size: 17px; line-height: 30px;text-align:justify\">La Universidad Aut\u00f3noma de Manizales es una Instituci\u00f3n acreditada de alta calidad en el \u00e1mbito institucional y de sus programas de pregrado y posgrado que vinculan la excelencia y reconocimiento en el \u00e1mbito acad\u00e9mico, empresarial, social y gubernamental nacional e internacional, con un sello distintivo de innovaci\u00f3n y emprendimiento, y principios de \u00e9tica, convivencia pac\u00edfica y responsabilidad social.<\/p>\n<p>&nbsp;<\/p>\n<h4 style=\"color: #04428c;\">Coordinador<\/h4>\n<p style=\"font-size: 17px; line-height: 30px; text-align: justify;\">Bellazmin Arenas Quintana &#8211; <span style=\"color: #04428c;\">reddeproyeccion@autonoma.edu.co<\/span><\/p>\n<p><a href=\"https:\/\/www.autonoma.edu.co\/\" target=\"_blank\" style=\"color: #FFF; background-color: #04428c; padding: 0.2vw 0.4vw 0.2vw 0.4vw; border-radius: 0.4vw;\" rel=\"noopener\">SABER M\u00c1S<\/a><\/p>\n<\/div>\r\t\t\t\t\t<\/div>\r\r\t\t<div class=\"wpsisac-content-right wp-medium-5 wpcolumns\">\r\t\t\t<img decoding=\"async\"  src=\"https:\/\/ibero4jobs.com\/wp-content\/uploads\/2023\/08\/U-Autonoma-de-Manizales-1.png\" alt=\"Universidad Aut\u00f3noma de Manizales\" \/>\r\t\t<\/div>\r\t<\/div>\r<\/div><div class=\"wpsisac-image-slide\">\r\t<div class=\"wpsisac-slide-wrap wp-medium-12 wpcolumns\">\r\t\t<div class=\"wpsisac-content-left wp-medium-7 wpcolumns\">\r\t\t\t<h2 class=\"wpsisac-slide-title\">Universidad Aut\u00f3noma de Nayarit<\/h2>\r\t\t\t\t\t\t\t<div class=\"wpsisac-slider-short-content\"><p style=\"font-size: 17px; line-height: 30px;text-align:justify\">La Universidad Aut\u00f3noma de Nayarit (UAN), es reconocida como el proyecto educativo m\u00e1s importante del Estado de Nayarit, M\u00e9xico. Es una instituci\u00f3n p\u00fablica de educaci\u00f3n media superior y superior integrada por una comunidad que promueve con responsabilidad social el desarrollo sostenible, desde una perspectiva global, humana, cr\u00edtica y plural. A la fecha, ofrece 65 programas acad\u00e9micos en artes, ciencias de la salud, ciencias b\u00e1sicas e ingenier\u00edas, econ\u00f3mico-administrativas, ciencias biol\u00f3gicas, agropecuarias y pesqueras, ciencias sociales y humanidades.<\/p>\n<p>&nbsp;<\/p>\n<h4 style=\"color: #04428c;\">Coordinador<\/h4>\n<p style=\"font-size: 17px; line-height: 30px; text-align: justify;\">Carolina Cuevas &#8211; <span style=\"color: #04428c;\">carolina.cuevas@uan.edu.mx<\/span><\/p>\n<p><a href=\"https:\/\/www.uan.edu.mx\/\" target=\"_blank\" style=\"color: #FFF; background-color: #04428c; padding: 0.2vw 0.4vw 0.2vw 0.4vw; border-radius: 0.4vw;\" rel=\"noopener\">SABER M\u00c1S<\/a><\/p>\n<\/div>\r\t\t\t\t\t<\/div>\r\r\t\t<div class=\"wpsisac-content-right wp-medium-5 wpcolumns\">\r\t\t\t<img decoding=\"async\"  src=\"https:\/\/ibero4jobs.com\/wp-content\/uploads\/2023\/08\/U-Autonoma-Nayarit-1.png\" alt=\"Universidad Aut\u00f3noma de Nayarit\" \/>\r\t\t<\/div>\r\t<\/div>\r<\/div><div class=\"wpsisac-image-slide\">\r\t<div class=\"wpsisac-slide-wrap wp-medium-12 wpcolumns\">\r\t\t<div class=\"wpsisac-content-left wp-medium-7 wpcolumns\">\r\t\t\t<h2 class=\"wpsisac-slide-title\">Universidad Tecnol\u00f3gica de Nayarit<\/h2>\r\t\t\t\t\t\t\t<div class=\"wpsisac-slider-short-content\"><p style=\"font-size: 17px; line-height: 30px;text-align:justify\">La Universidad Tecnol\u00f3gica de Nayarit es una de las opciones de educaci\u00f3n superior m\u00e1s importantes del Estado de Nayarit, teniendo como prioridad la formaci\u00f3n de profesionales con un sentido humanista, de innovaci\u00f3n y un alto compromiso con el desarrollo sustentable de su entorno; actualmente es un fuerte v\u00ednculo con los sectores, p\u00fablico, social y privado a trav\u00e9s de la investigaci\u00f3n y el desarrollo de proyectos que buscan impulsar a la regi\u00f3n. Cuenta con 12 carreras de t\u00e9cnico superior universitario y 11 en el nivel de licenciatura e ingenier\u00eda.\u00a0<\/p>\n<p>&nbsp;<\/p>\n<h4 style=\"color: #04428c;\">Coordinador<\/h4>\n<p style=\"font-size: 17px; line-height: 30px; text-align: justify;\">Julissa G\u00f3mez Varela &#8211; <span style=\"color: #04428c;\">julissa.gomez@utnay.edu.mx<\/span><\/p>\n<p><a href=\"https:\/\/www.utnay.edu.mx\/\" target=\"_blank\" style=\"color: #FFF; background-color: #04428c; padding: 0.2vw 0.4vw 0.2vw 0.4vw; border-radius: 0.4vw;\" rel=\"noopener\">SABER M\u00c1S<\/a><\/p>\n<\/div>\r\t\t\t\t\t<\/div>\r\r\t\t<div class=\"wpsisac-content-right wp-medium-5 wpcolumns\">\r\t\t\t<img decoding=\"async\"  src=\"https:\/\/ibero4jobs.com\/wp-content\/uploads\/2023\/08\/U-Tecnologica-Nayarit-1.png\" alt=\"Universidad Tecnol\u00f3gica de Nayarit\" \/>\r\t\t<\/div>\r\t<\/div>\r<\/div>\r\n\t\t\t<\/div>\r\n\t\t<\/div>\r\n\t\n\n\t\t<\/div>\n\t<\/div>\n<\/div><\/div><\/div><\/div><div class=\"vc_row-full-width vc_clearfix\"><\/div><div data-vc-full-width=\"true\" data-vc-full-width-init=\"false\" data-vc-parallax=\"1.5\" class=\"vc_row wpb_row vc_row-fluid vc_custom_1527741643506 vc_row-has-fill vc_general vc_parallax vc_parallax-content-moving\"><div class=\"wpb_column vc_column_container vc_col-sm-12\"><div class=\"vc_column-inner vc_custom_1691688279819\"><div class=\"wpb_wrapper\"><div class=\"vc_separator wpb_content_element vc_separator_align_center vc_sep_width_100 vc_sep_pos_align_center vc_sep_color_grey vc_custom_1691688337498\" ><span class=\"vc_sep_holder vc_sep_holder_l\"><span class=\"vc_sep_line\"><\/span><\/span><span class=\"vc_sep_holder vc_sep_holder_r\"><span class=\"vc_sep_line\"><\/span><\/span>\n<\/div><h2 style=\"font-size: 46px;line-height: 55px;text-align: left\" class=\"vc_custom_heading\" >Organizaciones<\/h2>\n\t<div class=\"wpb_text_column wpb_content_element \" >\n\t\t<div class=\"wpb_wrapper\">\n\t\t\t\t\t<div class=\"wpsisac-slick-slider-wrp wpsisac-clearfix \" data-conf=\"{&quot;dots&quot;:&quot;true&quot;,&quot;arrows&quot;:&quot;false&quot;,&quot;autoplay&quot;:&quot;true&quot;,&quot;autoplay_interval&quot;:&quot;20000&quot;,&quot;fade&quot;:&quot;false&quot;,&quot;lazyload&quot;:&quot;&quot;,&quot;speed&quot;:&quot;1800&quot;,&quot;rtl&quot;:&quot;false&quot;,&quot;loop&quot;:&quot;true&quot;,&quot;hover_pause&quot;:&quot;true&quot;}\">\r\n\t\t\t<div id=\"wpsisac-slick-slider-3\" class=\"wpsisac-slick-init wpsisac-slick-slider design-4 \">\r\n\r\n\t\t\t\t<div class=\"wpsisac-image-slide\">\r\t<div class=\"wpsisac-slide-wrap wp-medium-12 wpcolumns\">\r\t\t<div class=\"wpsisac-content-left wp-medium-7 wpcolumns\">\r\t\t\t<h2 class=\"wpsisac-slide-title\">Fundaci\u00f3n Ronsel<\/h2>\r\t\t\t\t\t\t\t<div class=\"wpsisac-slider-short-content\"><p style=\"font-size: 17px; line-height: 30px;text-align:justify\">La Fundaci\u00f3n Ronsel es una entidad ben\u00e9fico-docente, inscrita en el Registro de Fundaciones de Inter\u00e9s Gallego bajo el Protectorado de la Xunta de Galicia. Nace en el a\u00f1o 2000 con el objetivo de facilitar la ocupabilidad de los m\u00e1s necesitados y mejorar la empleabilidad de las personas en situaci\u00f3n de desempleo. Dispone de cuatro \u00e1reas funcionales de trabajo: orientaci\u00f3n laboral, intermediaci\u00f3n, formaci\u00f3n ocupacional y asesoramiento para la creaci\u00f3n de empresas-autoempleo.<\/p>\n<p>&nbsp;<\/p>\n<h4 style=\"color: #04428c;\">Coordinador<\/h4>\n<p style=\"font-size: 17px; line-height: 30px; text-align: justify;\">Luis Garc\u00eda Deber &#8211; <span style=\"color: #04428c;\">luis@fundacionronsel.org<\/span><\/p>\n<p><a href=\"https:\/\/fundacionronsel.org\/\" target=\"_blank\" style=\"color: #FFF; background-color: #04428c; padding: 0.2vw 0.4vw 0.2vw 0.4vw; border-radius: 0.4vw;\" rel=\"noopener\">SABER M\u00c1S<\/a><\/p>\n<\/div>\r\t\t\t\t\t<\/div>\r\r\t\t<div class=\"wpsisac-content-right wp-medium-5 wpcolumns\">\r\t\t\t<img decoding=\"async\"  src=\"https:\/\/ibero4jobs.com\/wp-content\/uploads\/2023\/08\/Fundacion-Ronsel-scaled.jpg\" alt=\"Fundaci\u00f3n Ronsel\" \/>\r\t\t<\/div>\r\t<\/div>\r<\/div><div class=\"wpsisac-image-slide\">\r\t<div class=\"wpsisac-slide-wrap wp-medium-12 wpcolumns\">\r\t\t<div class=\"wpsisac-content-left wp-medium-7 wpcolumns\">\r\t\t\t<h2 class=\"wpsisac-slide-title\">Fundaci\u00f3n Luker<\/h2>\r\t\t\t\t\t\t\t<div class=\"wpsisac-slider-short-content\"><p style=\"font-size: 17px; line-height: 30px;text-align:justify\">La Fundaci\u00f3n Luker es una fundaci\u00f3n empresarial que crea y promueve soluciones de innovaci\u00f3n social para el desarrollo y la equidad a trav\u00e9s de s\u00f3lidas alianzas p\u00fablicas, privadas y acad\u00e9micas. Nuestro trabajo se enfoca en proyectos en alianza a trav\u00e9s de tres l\u00edneas estrat\u00e9gicas en educaci\u00f3n, emprendimiento y desarrollo rural. <\/p>\n<p>&nbsp;<\/p>\n<h4 style=\"color: #04428c;\">Coordinador<\/h4>\n<p style=\"font-size: 17px; line-height: 30px; text-align: justify;\">Juliana Toro &#8211; <span style=\"color: #04428c;\">jtoro@funluker.org.co<\/span><\/p>\n<p><a href=\"https:\/\/fundacionluker.org.co\/\" target=\"_blank\" style=\"color: #FFF; background-color: #04428c; padding: 0.2vw 0.4vw 0.2vw 0.4vw; border-radius: 0.4vw;\" rel=\"noopener\">SABER M\u00c1S<\/a><\/p>\n<\/div>\r\t\t\t\t\t<\/div>\r\r\t\t<div class=\"wpsisac-content-right wp-medium-5 wpcolumns\">\r\t\t\t<img decoding=\"async\"  src=\"https:\/\/ibero4jobs.com\/wp-content\/uploads\/2023\/08\/Fundacion-Luker-1.png\" alt=\"Fundaci\u00f3n Luker\" \/>\r\t\t<\/div>\r\t<\/div>\r<\/div><div class=\"wpsisac-image-slide\">\r\t<div class=\"wpsisac-slide-wrap wp-medium-12 wpcolumns\">\r\t\t<div class=\"wpsisac-content-left wp-medium-7 wpcolumns\">\r\t\t\t<h2 class=\"wpsisac-slide-title\">C\u00e1mara de Comercio de Manizales por Caldas<\/h2>\r\t\t\t\t\t\t\t<div class=\"wpsisac-slider-short-content\"><p style=\"font-size: 17px; line-height: 30px; text-align: justify;\">La C\u00e1mara de Comercio de Manizales por Caldas es una Persona Jur\u00eddica de Derecho Privado, de car\u00e1cter corporativo, gremial y sin \u00e1nimo de lucro, integrada por los comerciantes matriculados en el Registro P\u00fablico Mercantil, creada en febrero 14 de 1913. <\/p>\n<p>En cumplimiento de las labores delegadas por el estado, es una instituci\u00f3n que se dedicada a organizar, coordinar y proteger la actividad mercantil. Tiene entre sus funciones promover programas y actividades para el crecimiento y fortalecimiento de los empresarios contribuyendo a la generaci\u00f3n de valor econ\u00f3mico y desarrollo de la regi\u00f3n. <\/p>\n<p>Su jurisdicci\u00f3n est\u00e1 integrada por 18 municipios: Manizales, Villamar\u00eda, Neira, Ar\u00e1nzazu, Salamina, P\u00e1cora, Aguadas, Filadelfia, La Merced, Marmato, Sup\u00eda, Riosucio, Anserma, Risaralda, San Jos\u00e9, Belalc\u00e1zar, Viterbo y Marulanda.<\/p>\n<p>&nbsp;<\/p>\n<h4 style=\"color: #04428c;\">Coordinador<\/h4>\n<p style=\"font-size: 17px; line-height: 30px; text-align: justify;\">Luz Mary Cort\u00e9s Vargas &#8211; <span style=\"color: #04428c;\">lmcortes@ccm.org.co<\/span><\/p>\n<p><a style=\"color: #fff; background-color: #04428c; padding: 0.2vw 0.4vw 0.2vw 0.4vw; border-radius: 0.4vw;\" href=\"https:\/\/www.ccmpc.org.co\/\" target=\"_blank\" rel=\"noopener\">SABER M\u00c1S<\/a><\/p>\n<\/div>\r\t\t\t\t\t<\/div>\r\r\t\t<div class=\"wpsisac-content-right wp-medium-5 wpcolumns\">\r\t\t\t<img decoding=\"async\"  src=\"https:\/\/ibero4jobs.com\/wp-content\/uploads\/2023\/08\/Camara-deComercio.jpg\" alt=\"C\u00e1mara de Comercio de Manizales por Caldas\" \/>\r\t\t<\/div>\r\t<\/div>\r<\/div>\r\n\t\t\t<\/div>\r\n\t\t<\/div>\r\n\t\n\n\t\t<\/div>\n\t<\/div>\n<\/div><\/div><\/div><\/div><div class=\"vc_row-full-width vc_clearfix\"><\/div><div class=\"vc_row wpb_row vc_row-fluid\"><div class=\"wpb_column vc_column_container vc_col-sm-12\"><div class=\"vc_column-inner\"><div class=\"wpb_wrapper\"><div class=\"vc_empty_space\"   style=\"height: 100px\"><span class=\"vc_empty_space_inner\"><\/span><\/div><\/div><\/div><\/div><\/div><div data-vc-full-width=\"true\" data-vc-full-width-init=\"false\" data-vc-stretch-content=\"true\" class=\"vc_row wpb_row vc_row-fluid vc_custom_1691628544098 vc_row-has-fill vc_row-no-padding vc_row-o-content-middle vc_row-flex\"><div class=\"wpb_column vc_column_container vc_col-sm-12\"><div class=\"vc_column-inner\"><div class=\"wpb_wrapper\">\n\t<div  class=\"wpb_single_image wpb_content_element vc_align_right\">\n\t\t\n\t\t<figure class=\"wpb_wrapper vc_figure\">\n\t\t\t<div class=\"vc_single_image-wrapper   vc_box_border_grey\"><img decoding=\"async\" width=\"1920\" height=\"326\" src=\"https:\/\/ibero4jobs.com\/wp-content\/uploads\/2023\/08\/Footer.png\" class=\"vc_single_image-img attachment-full\" alt=\"\" title=\"Footer\" srcset=\"https:\/\/ibero4jobs.com\/wp-content\/uploads\/2023\/08\/Footer.png 1920w, https:\/\/ibero4jobs.com\/wp-content\/uploads\/2023\/08\/Footer-300x51.png 300w, https:\/\/ibero4jobs.com\/wp-content\/uploads\/2023\/08\/Footer-1024x174.png 1024w, https:\/\/ibero4jobs.com\/wp-content\/uploads\/2023\/08\/Footer-768x130.png 768w, https:\/\/ibero4jobs.com\/wp-content\/uploads\/2023\/08\/Footer-1536x261.png 1536w, https:\/\/ibero4jobs.com\/wp-content\/uploads\/2023\/08\/Footer-600x102.png 600w\" sizes=\"(max-width: 1920px) 100vw, 1920px\" \/><\/div>\n\t\t<\/figure>\n\t<\/div>\n<\/div><\/div><\/div><\/div><div class=\"vc_row-full-width vc_clearfix\"><\/div>\n<\/section>","protected":false},"excerpt":{"rendered":"La C\u00e1mara de Comercio de Manizales por Caldas es una Persona Jur\u00eddica de Derecho Privado, de car\u00e1cter corporativo, gremial y sin \u00e1nimo de lucro, integrada por los comerciantes matriculados en el Registro P\u00fablico Mercantil, creada en febrero 14 de 1913. En cumplimiento de las labores delegadas por el estado, es una instituci\u00f3n que se dedicada [...]","protected":false},"author":10,"featured_media":0,"parent":0,"menu_order":0,"comment_status":"closed","ping_status":"closed","template":"","meta":{"_monsterinsights_skip_tracking":false,"_monsterinsights_sitenote_active":false,"_monsterinsights_sitenote_note":"","_monsterinsights_sitenote_category":0,"footnotes":""},"class_list":["post-8209","page","type-page","status-publish","hentry"],"aioseo_notices":[],"_links":{"self":[{"href":"https:\/\/ibero4jobs.com\/es\/wp-json\/wp\/v2\/pages\/8209","targetHints":{"allow":["GET"]}}],"collection":[{"href":"https:\/\/ibero4jobs.com\/es\/wp-json\/wp\/v2\/pages"}],"about":[{"href":"https:\/\/ibero4jobs.com\/es\/wp-json\/wp\/v2\/types\/page"}],"author":[{"embeddable":true,"href":"https:\/\/ibero4jobs.com\/es\/wp-json\/wp\/v2\/users\/10"}],"replies":[{"embeddable":true,"href":"https:\/\/ibero4jobs.com\/es\/wp-json\/wp\/v2\/comments?post=8209"}],"version-history":[{"count":44,"href":"https:\/\/ibero4jobs.com\/es\/wp-json\/wp\/v2\/pages\/8209\/revisions"}],"predecessor-version":[{"id":8759,"href":"https:\/\/ibero4jobs.com\/es\/wp-json\/wp\/v2\/pages\/8209\/revisions\/8759"}],"wp:attachment":[{"href":"https:\/\/ibero4jobs.com\/es\/wp-json\/wp\/v2\/media?parent=8209"}],"curies":[{"name":"wp","href":"https:\/\/api.w.org\/{rel}","templated":true}]}}