{"id":5307,"date":"2018-05-15T11:38:22","date_gmt":"2018-05-15T11:38:22","guid":{"rendered":"https:\/\/ibero4jobs.com\/?page_id=5307"},"modified":"2025-03-11T01:12:26","modified_gmt":"2025-03-11T06:12:26","slug":"proyecto","status":"publish","type":"page","link":"https:\/\/ibero4jobs.com\/es\/proyecto\/","title":{"rendered":"Proyecto"},"content":{"rendered":"<section class=\"wpb-content-wrapper\"><div class=\"vc_row wpb_row vc_row-fluid\"><div class=\"wpb_column vc_column_container vc_col-sm-12\"><div class=\"vc_column-inner\"><div class=\"wpb_wrapper\">\n\t\t\t<!-- START Proyectosslider REVOLUTION SLIDER 6.6.14 --><p class=\"rs-p-wp-fix\"><\/p>\n\t\t\t<rs-module-wrap id=\"rev_slider_5_1_wrapper\" data-source=\"gallery\" style=\"visibility:hidden;background:transparent;padding:0;\">\n\t\t\t\t<rs-module id=\"rev_slider_5_1\" style=\"\" data-version=\"6.6.14\">\n\t\t\t\t\t<rs-slides style=\"overflow: hidden; position: absolute;\">\n\t\t\t\t\t\t<rs-slide style=\"position: absolute;\" data-key=\"rs-11\" data-title=\"Slide\" data-anim=\"ms:10;\" data-in=\"o:1;\" data-out=\"a:false;\" data-alttrans=\"parallaxtobottom\">\n\t\t\t\t\t\t\t<img fetchpriority=\"high\" decoding=\"async\" src=\"\/\/ibero4jobs.com\/wp-content\/plugins\/revslider\/public\/assets\/assets\/dummy.png\" alt=\"\" title=\"Proyecto\" width=\"1600\" height=\"800\" class=\"rev-slidebg tp-rs-img rs-lazyload\" data-lazyload=\"\/\/ibero4jobs.com\/wp-content\/uploads\/2024\/10\/Diseno-sin-titulo-3.png\" data-bg=\"p:right center;\" data-parallax=\"13\" data-panzoom=\"d:10000;e:back.inOut;ss:100;se:110%;\" data-no-retina>\n<!--\n\t\t\t\t\t\t\t--><rs-layer\n\t\t\t\t\t\t\t\tid=\"slider-5-slide-11-layer-0\" \n\t\t\t\t\t\t\t\tdata-type=\"text\"\n\t\t\t\t\t\t\t\tdata-color=\"#fff\"\n\t\t\t\t\t\t\t\tdata-rsp_ch=\"on\"\n\t\t\t\t\t\t\t\tdata-xy=\"x:l,l,c,c;xo:172px,109px,0,0;yo:354px,365px,314px,289px;\"\n\t\t\t\t\t\t\t\tdata-text=\"w:normal;s:18,18,18,17;l:22,26,26,20;ls:2,1,0,0;a:left,left,center,center;\"\n\t\t\t\t\t\t\t\tdata-dim=\"w:747px,755px,543px,381px;h:124px,124px,149px,199px;minh:0px,none,none,none;\"\n\t\t\t\t\t\t\t\tdata-frame_999=\"o:0;st:w;\"\n\t\t\t\t\t\t\t\tstyle=\"z-index:7;font-family:'Raleway';\"\n\t\t\t\t\t\t\t> El prop\u00f3sito de IBERO4JOBS es mejorar la empleabilidad de los estudiantes de las universidades socias, fortalecer las capacidades actuales de las instituciones participantes y transferir conocimiento que les permita desarrollar sus propias estrategias de conexi\u00f3n con el tejido empresarial. \n\t\t\t\t\t\t\t<\/rs-layer><!--\n\n\t\t\t\t\t\t\t--><p\n\t\t\t\t\t\t\t\tid=\"slider-5-slide-11-layer-1\" \n\t\t\t\t\t\t\t\tclass=\"rs-layer\"\n\t\t\t\t\t\t\t\tdata-type=\"text\"\n\t\t\t\t\t\t\t\tdata-rsp_ch=\"on\"\n\t\t\t\t\t\t\t\tdata-xy=\"x:l,l,c,c;xo:165px,102px,0,4px;yo:194px,136px,118px,84px;\"\n\t\t\t\t\t\t\t\tdata-text=\"w:normal;s:70,70,70,55;l:70,70,70,55;ls:0px,0px,-4px,-2px;fw:800,800,700,700;a:left,left,center,center;\"\n\t\t\t\t\t\t\t\tdata-dim=\"w:843px,804px,583px,397px;h:154px,154px,174px,auto;\"\n\t\t\t\t\t\t\t\tdata-frame_0=\"y:100%;\"\n\t\t\t\t\t\t\t\tdata-frame_0_mask=\"u:t;y:100%;\"\n\t\t\t\t\t\t\t\tdata-frame_1=\"e:power2.inOut;sp:2000;sR:10;\"\n\t\t\t\t\t\t\t\tdata-frame_1_mask=\"u:t;\"\n\t\t\t\t\t\t\t\tdata-frame_999=\"o:0;st:w;sR:6990;\"\n\t\t\t\t\t\t\t\tstyle=\"z-index:3;font-family:'Barlow';\"\n\t\t\t\t\t\t\t>Creando puentes en pro del empleo \n\t\t\t\t\t\t\t<\/p><!--\n-->\t\t\t\t\t\t<\/rs-slide>\n\t\t\t\t\t\t<rs-slide style=\"position: absolute;\" data-key=\"rs-12\" data-title=\"Slide\" data-in=\"o:1;x:-100%;\" data-out=\"a:false;\" data-alttrans=\"parallaxtobottom\">\n\t\t\t\t\t\t\t<img decoding=\"async\" src=\"\/\/ibero4jobs.com\/wp-content\/plugins\/revslider\/public\/assets\/assets\/dummy.png\" alt=\"\" title=\"fomentar el espiritu\" width=\"1600\" height=\"800\" class=\"rev-slidebg tp-rs-img rs-lazyload\" data-lazyload=\"\/\/ibero4jobs.com\/wp-content\/uploads\/2024\/10\/fomentar-el-espiritu.png\" data-parallax=\"13\" data-panzoom=\"d:10000;e:back.inOut;ss:100;se:120;\" data-no-retina>\n<!--\n\t\t\t\t\t\t\t--><rs-layer\n\t\t\t\t\t\t\t\tid=\"slider-5-slide-12-layer-1\" \n\t\t\t\t\t\t\t\tdata-type=\"text\"\n\t\t\t\t\t\t\t\tdata-color=\"#ffffff||#ffffff||#f49000||#f49000\"\n\t\t\t\t\t\t\t\tdata-rsp_ch=\"on\"\n\t\t\t\t\t\t\t\tdata-xy=\"x:l,l,c,c;xo:106px,24px,0,5px;y:m,m,m,t;yo:137px,-85px,-48px,119px;\"\n\t\t\t\t\t\t\t\tdata-text=\"w:normal;s:70,70,60,50;l:70,70,65,51;ls:0px,0px,-4px,-2px;fw:800,800,700,700;a:left,left,center,center;\"\n\t\t\t\t\t\t\t\tdata-dim=\"w:842px,842px,519px,310px;h:auto,auto,365px,auto;\"\n\t\t\t\t\t\t\t\tdata-frame_0=\"y:100%;\"\n\t\t\t\t\t\t\t\tdata-frame_0_mask=\"u:t;y:100%;\"\n\t\t\t\t\t\t\t\tdata-frame_1=\"e:power2.inOut;sp:2000;sR:10;\"\n\t\t\t\t\t\t\t\tdata-frame_1_mask=\"u:t;\"\n\t\t\t\t\t\t\t\tdata-frame_999=\"o:0;st:w;sR:6990;\"\n\t\t\t\t\t\t\t\tstyle=\"z-index:6;font-family:'Barlow';\"\n\t\t\t\t\t\t\t>Fomentamos el esp\u00edritu emprendedor en los nuevos profesionales<br \/>\n \n\t\t\t\t\t\t\t<\/rs-layer><!--\n-->\t\t\t\t\t\t<\/rs-slide>\n\t\t\t\t\t<\/rs-slides>\n\t\t\t\t<\/rs-module>\n\t\t\t\t<script>\n\t\t\t\t\tsetREVStartSize({c: 'rev_slider_5_1',rl:[1240,1024,778,480],el:[800,768,600,600],gw:[1600,1024,778,480],gh:[800,768,600,600],type:'standard',justify:'',layout:'fullscreen',offsetContainer:'',offset:'',mh:\"0\"});if (window.RS_MODULES!==undefined && window.RS_MODULES.modules!==undefined && window.RS_MODULES.modules[\"revslider51\"]!==undefined) {window.RS_MODULES.modules[\"revslider51\"].once = false;window.revapi5 = undefined;if (window.RS_MODULES.checkMinimal!==undefined) window.RS_MODULES.checkMinimal()}\n\t\t\t\t<\/script>\n\t\t\t<\/rs-module-wrap>\n\t\t\t<!-- END REVOLUTION SLIDER -->\n\n\t<div  class=\"wpb_single_image wpb_content_element vc_align_center\">\n\t\t\n\t\t<figure class=\"wpb_wrapper vc_figure\">\n\t\t\t<div class=\"vc_single_image-wrapper   vc_box_border_grey\"><img decoding=\"async\" width=\"2048\" height=\"350\" src=\"https:\/\/ibero4jobs.com\/wp-content\/uploads\/2025\/03\/\u00bfConoces-nuestra-metodologia-1.png\" class=\"vc_single_image-img attachment-full\" alt=\"\" title=\"\u00bfConoces nuestra metodologi\u0301a (1)\" srcset=\"https:\/\/ibero4jobs.com\/wp-content\/uploads\/2025\/03\/\u00bfConoces-nuestra-metodologia-1.png 2048w, https:\/\/ibero4jobs.com\/wp-content\/uploads\/2025\/03\/\u00bfConoces-nuestra-metodologia-1-300x51.png 300w, https:\/\/ibero4jobs.com\/wp-content\/uploads\/2025\/03\/\u00bfConoces-nuestra-metodologia-1-1024x175.png 1024w, https:\/\/ibero4jobs.com\/wp-content\/uploads\/2025\/03\/\u00bfConoces-nuestra-metodologia-1-768x131.png 768w, https:\/\/ibero4jobs.com\/wp-content\/uploads\/2025\/03\/\u00bfConoces-nuestra-metodologia-1-1536x263.png 1536w, https:\/\/ibero4jobs.com\/wp-content\/uploads\/2025\/03\/\u00bfConoces-nuestra-metodologia-1-18x3.png 18w, https:\/\/ibero4jobs.com\/wp-content\/uploads\/2025\/03\/\u00bfConoces-nuestra-metodologia-1-600x103.png 600w\" sizes=\"(max-width: 2048px) 100vw, 2048px\" \/><\/div>\n\t\t<\/figure>\n\t<\/div>\n<h2 style=\"font-size: 35px;line-height: 45px;text-align: center\" class=\"vc_custom_heading heading-h1\" >Conoce mas sobre las metodolog\u00edas de cada universidad.<\/h2><\/div><\/div><\/div><\/div><div class=\"vc_row wpb_row vc_row-fluid\"><div class=\"wpb_column vc_column_container vc_col-sm-3\"><div class=\"vc_column-inner\"><div class=\"wpb_wrapper\"><\/div><\/div><\/div><div class=\"wpb_column vc_column_container vc_col-sm-3\"><div class=\"vc_column-inner\"><div class=\"wpb_wrapper\"><\/div><\/div><\/div><div class=\"wpb_column vc_column_container vc_col-sm-3\"><div class=\"vc_column-inner\"><div class=\"wpb_wrapper\"><\/div><\/div><\/div><div class=\"wpb_column vc_column_container vc_col-sm-3\"><div class=\"vc_column-inner\"><div class=\"wpb_wrapper\"><\/div><\/div><\/div><\/div><div class=\"vc_row wpb_row vc_row-fluid\"><div class=\"wpb_column vc_column_container vc_col-sm-3\"><div class=\"vc_column-inner\"><div class=\"wpb_wrapper\">\n\t<div  class=\"wpb_single_image wpb_content_element vc_align_left\">\n\t\t\n\t\t<figure class=\"wpb_wrapper vc_figure\">\n\t\t\t<a href=\"https:\/\/drive.google.com\/file\/d\/15sP7kosLQTFNahYZaY9vmgovarz_E3fS\/view?usp=sharing\" target=\"_self\" class=\"vc_single_image-wrapper   vc_box_border_grey\"><img loading=\"lazy\" decoding=\"async\" width=\"520\" height=\"270\" src=\"https:\/\/ibero4jobs.com\/wp-content\/uploads\/2025\/03\/EN.png\" class=\"vc_single_image-img attachment-full\" alt=\"\" title=\"EN\" srcset=\"https:\/\/ibero4jobs.com\/wp-content\/uploads\/2025\/03\/EN.png 520w, https:\/\/ibero4jobs.com\/wp-content\/uploads\/2025\/03\/EN-300x156.png 300w, https:\/\/ibero4jobs.com\/wp-content\/uploads\/2025\/03\/EN-18x9.png 18w\" sizes=\"(max-width: 520px) 100vw, 520px\" \/><\/a>\n\t\t<\/figure>\n\t<\/div>\n<\/div><\/div><\/div><div class=\"wpb_column vc_column_container vc_col-sm-3\"><div class=\"vc_column-inner\"><div class=\"wpb_wrapper\">\n\t<div  class=\"wpb_single_image wpb_content_element vc_align_left\">\n\t\t\n\t\t<figure class=\"wpb_wrapper vc_figure\">\n\t\t\t<a href=\"https:\/\/drive.google.com\/file\/d\/1Z-hg-p5-Vs73lPCAVl-9RB0cZpdvuTdH\/view?usp=sharing\" target=\"_self\" class=\"vc_single_image-wrapper   vc_box_border_grey\"><img loading=\"lazy\" decoding=\"async\" width=\"520\" height=\"270\" src=\"https:\/\/ibero4jobs.com\/wp-content\/uploads\/2025\/03\/es-2.png\" class=\"vc_single_image-img attachment-full\" alt=\"\" title=\"es (2)\" \/><\/a>\n\t\t<\/figure>\n\t<\/div>\n<\/div><\/div><\/div><div class=\"wpb_column vc_column_container vc_col-sm-3\"><div class=\"vc_column-inner\"><div class=\"wpb_wrapper\">\n\t<div  class=\"wpb_single_image wpb_content_element vc_align_left\">\n\t\t\n\t\t<figure class=\"wpb_wrapper vc_figure\">\n\t\t\t<a href=\"https:\/\/drive.google.com\/file\/d\/1TJZR5TObJ3WpRwYceHrIdQcX_A-klcXc\/view?usp=sharing\" target=\"_self\" class=\"vc_single_image-wrapper   vc_box_border_grey\"><img loading=\"lazy\" decoding=\"async\" width=\"520\" height=\"270\" src=\"https:\/\/ibero4jobs.com\/wp-content\/uploads\/2025\/03\/EN-3.png\" class=\"vc_single_image-img attachment-full\" alt=\"\" title=\"EN (3)\" srcset=\"https:\/\/ibero4jobs.com\/wp-content\/uploads\/2025\/03\/EN-3.png 520w, https:\/\/ibero4jobs.com\/wp-content\/uploads\/2025\/03\/EN-3-300x156.png 300w, https:\/\/ibero4jobs.com\/wp-content\/uploads\/2025\/03\/EN-3-18x9.png 18w\" sizes=\"(max-width: 520px) 100vw, 520px\" \/><\/a>\n\t\t<\/figure>\n\t<\/div>\n<\/div><\/div><\/div><div class=\"wpb_column vc_column_container vc_col-sm-3\"><div class=\"vc_column-inner\"><div class=\"wpb_wrapper\">\n\t<div  class=\"wpb_single_image wpb_content_element vc_align_left\">\n\t\t\n\t\t<figure class=\"wpb_wrapper vc_figure\">\n\t\t\t<a href=\"https:\/\/drive.google.com\/file\/d\/14JEfK-8Ol2ulPeSiG346_yx6d1EO7Uwp\/view?usp=sharing\" target=\"_self\" class=\"vc_single_image-wrapper   vc_box_border_grey\"><img loading=\"lazy\" decoding=\"async\" width=\"520\" height=\"270\" src=\"https:\/\/ibero4jobs.com\/wp-content\/uploads\/2025\/03\/EN-4.png\" class=\"vc_single_image-img attachment-full\" alt=\"\" title=\"EN (4)\" \/><\/a>\n\t\t<\/figure>\n\t<\/div>\n<\/div><\/div><\/div><\/div><div class=\"vc_row wpb_row vc_row-fluid\"><div class=\"wpb_column vc_column_container vc_col-sm-6\"><div class=\"vc_column-inner\"><div class=\"wpb_wrapper\">\n\t<div  class=\"wpb_single_image wpb_content_element vc_align_left\">\n\t\t<h2 class=\"wpb_heading wpb_singleimage_heading\">METODOLOG\u00cdA<\/h2>\n\t\t<figure class=\"wpb_wrapper vc_figure\">\n\t\t\t<a href=\"https:\/\/drive.google.com\/file\/d\/1rnhstrRQxru2t08puVtXRxcdpir5R9X4\/view?usp=drive_link;\" target=\"_self\" class=\"vc_single_image-wrapper   vc_box_border_grey\"><img loading=\"lazy\" decoding=\"async\" width=\"720\" height=\"405\" src=\"https:\/\/ibero4jobs.com\/wp-content\/uploads\/2025\/02\/Vinculacion-Universidad-Industria-para-la-Empleabilidad-01-1.png\" class=\"vc_single_image-img attachment-full\" alt=\"\" title=\"Vinculacio\u0301n Universidad-Industria para la Empleabilidad-01\" srcset=\"https:\/\/ibero4jobs.com\/wp-content\/uploads\/2025\/02\/Vinculacion-Universidad-Industria-para-la-Empleabilidad-01-1.png 720w, https:\/\/ibero4jobs.com\/wp-content\/uploads\/2025\/02\/Vinculacion-Universidad-Industria-para-la-Empleabilidad-01-1-300x169.png 300w, https:\/\/ibero4jobs.com\/wp-content\/uploads\/2025\/02\/Vinculacion-Universidad-Industria-para-la-Empleabilidad-01-1-18x10.png 18w, https:\/\/ibero4jobs.com\/wp-content\/uploads\/2025\/02\/Vinculacion-Universidad-Industria-para-la-Empleabilidad-01-1-600x338.png 600w\" sizes=\"(max-width: 720px) 100vw, 720px\" \/><\/a>\n\t\t<\/figure>\n\t<\/div>\n<\/div><\/div><\/div><div class=\"wpb_column vc_column_container vc_col-sm-6\"><div class=\"vc_column-inner vc_custom_1691534572330\"><div class=\"wpb_wrapper\"><h2 style=\"font-size: 35px;line-height: 45px;text-align: left\" class=\"vc_custom_heading heading-h1\" >\u00bfConoces nuestra metodolog\u00eda?<\/h2>\n\t<div class=\"wpb_text_column wpb_content_element \" >\n\t\t<div class=\"wpb_wrapper\">\n\t\t\t<p style=\"text-align: justify;\">Proyecto que fortalece la relaci\u00f3n universidad-industria para mejorar la empleabilidad mediante formaci\u00f3n en habilidades blandas y digitales.<\/p>\n\n\t\t<\/div>\n\t<\/div>\n\n\t<div class=\"wpb_text_column wpb_content_element \" >\n\t\t<div class=\"wpb_wrapper\">\n\t\t\t\n\t\t<\/div>\n\t<\/div>\n<\/div><\/div><\/div><\/div><div data-vc-full-width=\"true\" data-vc-full-width-init=\"false\" data-vc-parallax=\"1.5\" class=\"vc_row wpb_row vc_row-fluid vc_custom_1527741643506 vc_row-has-fill vc_general vc_parallax vc_parallax-content-moving\"><div class=\"wpb_column vc_column_container vc_col-sm-6\"><div class=\"vc_column-inner vc_custom_1526450438966\"><div class=\"wpb_wrapper\"><h2 style=\"font-size: 35px;line-height: 45px;text-align: left\" class=\"vc_custom_heading heading-h1\" >Una s\u00f3lida relaci\u00f3n academia - empresa<\/h2>\n\t<div class=\"wpb_text_column wpb_content_element \" >\n\t\t<div class=\"wpb_wrapper\">\n\t\t\t<p style=\"text-align: justify;\">Trabajar conjuntamente es fundamental para que las acciones, esfuerzos y capacidades de ambas partes impacten en el desarrollo sostenible de las regiones y reduzcan las brechas de desempleo de los j\u00f3venes.<\/p>\n\n\t\t<\/div>\n\t<\/div>\n\n\t<div  class=\"wpb_single_image wpb_content_element vc_align_center  vc_custom_1691616030066\">\n\t\t\n\t\t<figure class=\"wpb_wrapper vc_figure\">\n\t\t\t<div class=\"vc_single_image-wrapper   vc_box_border_grey\"><img loading=\"lazy\" decoding=\"async\" width=\"300\" height=\"81\" src=\"https:\/\/ibero4jobs.com\/wp-content\/uploads\/2023\/08\/Grafico_1-300x81.png\" class=\"vc_single_image-img attachment-medium\" alt=\"\" title=\"Grafico_1\" srcset=\"https:\/\/ibero4jobs.com\/wp-content\/uploads\/2023\/08\/Grafico_1-300x81.png 300w, https:\/\/ibero4jobs.com\/wp-content\/uploads\/2023\/08\/Grafico_1.png 509w\" sizes=\"(max-width: 300px) 100vw, 300px\" \/><\/div>\n\t\t<\/figure>\n\t<\/div>\n<\/div><\/div><\/div><div class=\"wpb_column vc_column_container vc_col-sm-6\"><div class=\"vc_column-inner vc_custom_1526385815698\"><div class=\"wpb_wrapper\">\n\t<div  class=\"wpb_single_image wpb_content_element vc_align_left  vc_custom_1692137891243\">\n\t\t\n\t\t<figure class=\"wpb_wrapper vc_figure\">\n\t\t\t<div class=\"vc_single_image-wrapper   vc_box_border_grey\"><img loading=\"lazy\" decoding=\"async\" width=\"1920\" height=\"1080\" src=\"https:\/\/ibero4jobs.com\/wp-content\/uploads\/2023\/08\/Foto_1-2.jpg\" class=\"vc_single_image-img attachment-full\" alt=\"\" title=\"Foto_1\" srcset=\"https:\/\/ibero4jobs.com\/wp-content\/uploads\/2023\/08\/Foto_1-2.jpg 1920w, https:\/\/ibero4jobs.com\/wp-content\/uploads\/2023\/08\/Foto_1-2-300x169.jpg 300w, https:\/\/ibero4jobs.com\/wp-content\/uploads\/2023\/08\/Foto_1-2-1024x576.jpg 1024w, https:\/\/ibero4jobs.com\/wp-content\/uploads\/2023\/08\/Foto_1-2-768x432.jpg 768w, https:\/\/ibero4jobs.com\/wp-content\/uploads\/2023\/08\/Foto_1-2-1536x864.jpg 1536w, https:\/\/ibero4jobs.com\/wp-content\/uploads\/2023\/08\/Foto_1-2-18x10.jpg 18w, https:\/\/ibero4jobs.com\/wp-content\/uploads\/2023\/08\/Foto_1-2-600x338.jpg 600w\" sizes=\"(max-width: 1920px) 100vw, 1920px\" \/><\/div>\n\t\t<\/figure>\n\t<\/div>\n<\/div><\/div><\/div><\/div><div class=\"vc_row-full-width vc_clearfix\"><\/div><div class=\"vc_row wpb_row vc_row-fluid vc_custom_1691795784406\"><div class=\"wpb_column vc_column_container vc_col-sm-8\"><div class=\"vc_column-inner\"><div class=\"wpb_wrapper\">\n\t<div  class=\"wpb_single_image wpb_content_element vc_align_left  vc_custom_1692137916372\">\n\t\t\n\t\t<figure class=\"wpb_wrapper vc_figure\">\n\t\t\t<div class=\"vc_single_image-wrapper   vc_box_border_grey\"><img loading=\"lazy\" decoding=\"async\" width=\"1920\" height=\"1080\" src=\"https:\/\/ibero4jobs.com\/wp-content\/uploads\/2023\/08\/Foto_2.jpg\" class=\"vc_single_image-img attachment-full\" alt=\"\" title=\"Foto_2\" srcset=\"https:\/\/ibero4jobs.com\/wp-content\/uploads\/2023\/08\/Foto_2.jpg 1920w, https:\/\/ibero4jobs.com\/wp-content\/uploads\/2023\/08\/Foto_2-300x169.jpg 300w, https:\/\/ibero4jobs.com\/wp-content\/uploads\/2023\/08\/Foto_2-1024x576.jpg 1024w, https:\/\/ibero4jobs.com\/wp-content\/uploads\/2023\/08\/Foto_2-768x432.jpg 768w, https:\/\/ibero4jobs.com\/wp-content\/uploads\/2023\/08\/Foto_2-1536x864.jpg 1536w, https:\/\/ibero4jobs.com\/wp-content\/uploads\/2023\/08\/Foto_2-18x10.jpg 18w, https:\/\/ibero4jobs.com\/wp-content\/uploads\/2023\/08\/Foto_2-600x338.jpg 600w\" sizes=\"(max-width: 1920px) 100vw, 1920px\" \/><\/div>\n\t\t<\/figure>\n\t<\/div>\n<\/div><\/div><\/div><div class=\"wpb_column vc_column_container vc_col-sm-4\"><div class=\"vc_column-inner\"><div class=\"wpb_wrapper\"><h2 style=\"font-size: 29px;line-height: 38px;text-align: left\" class=\"vc_custom_heading heading-h1\" >Transferencia de modelos exitosos de relacionamiento con el sector empresarial<\/h2>\n\t<div class=\"wpb_text_column wpb_content_element \" >\n\t\t<div class=\"wpb_wrapper\">\n\t\t\t<p style=\"text-align: justify; font-size: 17.5px;\">Las universidades europeas cuentan con modelos de \u00e9xito en formaci\u00f3n te\u00f3rica y pr\u00e1ctica que facilitan la transici\u00f3n del aprendizaje al empleo y dan respuesta a las competencias y necesidades que demanda el mercado laboral, favoreciendo la empleabilidad de los j\u00f3venes.<\/p>\n\n\t\t<\/div>\n\t<\/div>\n\n\t<div  class=\"wpb_single_image wpb_content_element vc_align_center  vc_custom_1691616592006\">\n\t\t\n\t\t<figure class=\"wpb_wrapper vc_figure\">\n\t\t\t<div class=\"vc_single_image-wrapper   vc_box_border_grey\"><img loading=\"lazy\" decoding=\"async\" width=\"300\" height=\"78\" src=\"https:\/\/ibero4jobs.com\/wp-content\/uploads\/2023\/08\/Grafico_2-1-300x78.png\" class=\"vc_single_image-img attachment-medium\" alt=\"\" title=\"Grafico_2\" srcset=\"https:\/\/ibero4jobs.com\/wp-content\/uploads\/2023\/08\/Grafico_2-1-300x78.png 300w, https:\/\/ibero4jobs.com\/wp-content\/uploads\/2023\/08\/Grafico_2-1.png 503w\" sizes=\"(max-width: 300px) 100vw, 300px\" \/><\/div>\n\t\t<\/figure>\n\t<\/div>\n<\/div><\/div><\/div><\/div><div data-vc-full-width=\"true\" data-vc-full-width-init=\"false\" data-vc-stretch-content=\"true\" class=\"vc_row wpb_row vc_row-fluid vc_custom_1691628287880 vc_row-has-fill vc_row-no-padding\"><div class=\"wpb_column vc_column_container vc_col-sm-12\"><div class=\"vc_column-inner\"><div class=\"wpb_wrapper\">\n\t<div  class=\"wpb_single_image wpb_content_element vc_align_center\">\n\t\t\n\t\t<figure class=\"wpb_wrapper vc_figure\">\n\t\t\t<div class=\"vc_single_image-wrapper   vc_box_border_grey\"><img loading=\"lazy\" decoding=\"async\" width=\"1920\" height=\"326\" src=\"https:\/\/ibero4jobs.com\/wp-content\/uploads\/2023\/08\/Footer.png\" class=\"vc_single_image-img attachment-full\" alt=\"\" title=\"Footer\" srcset=\"https:\/\/ibero4jobs.com\/wp-content\/uploads\/2023\/08\/Footer.png 1920w, https:\/\/ibero4jobs.com\/wp-content\/uploads\/2023\/08\/Footer-300x51.png 300w, https:\/\/ibero4jobs.com\/wp-content\/uploads\/2023\/08\/Footer-1024x174.png 1024w, https:\/\/ibero4jobs.com\/wp-content\/uploads\/2023\/08\/Footer-768x130.png 768w, https:\/\/ibero4jobs.com\/wp-content\/uploads\/2023\/08\/Footer-1536x261.png 1536w, https:\/\/ibero4jobs.com\/wp-content\/uploads\/2023\/08\/Footer-600x102.png 600w\" sizes=\"(max-width: 1920px) 100vw, 1920px\" \/><\/div>\n\t\t<\/figure>\n\t<\/div>\n<\/div><\/div><\/div><\/div><div class=\"vc_row-full-width vc_clearfix\"><\/div>\n<\/section>","protected":false},"excerpt":{"rendered":"El prop\u00f3sito de IBERO4JOBS es mejorar la empleabilidad de los estudiantes de las universidades socias, fortalecer las capacidades actuales de las instituciones participantes y transferir conocimiento que les permita desarrollar sus propias estrategias de conexi\u00f3n con el tejido empresarial. Creando puentes en pro del empleo Fomentamos el esp\u00edritu emprendedor en los nuevos profesionales Conoce mas [...]","protected":false},"author":10,"featured_media":0,"parent":0,"menu_order":0,"comment_status":"closed","ping_status":"closed","template":"","meta":{"_monsterinsights_skip_tracking":false,"_monsterinsights_sitenote_active":false,"_monsterinsights_sitenote_note":"","_monsterinsights_sitenote_category":0,"footnotes":""},"class_list":["post-5307","page","type-page","status-publish","hentry"],"_links":{"self":[{"href":"https:\/\/ibero4jobs.com\/es\/wp-json\/wp\/v2\/pages\/5307","targetHints":{"allow":["GET"]}}],"collection":[{"href":"https:\/\/ibero4jobs.com\/es\/wp-json\/wp\/v2\/pages"}],"about":[{"href":"https:\/\/ibero4jobs.com\/es\/wp-json\/wp\/v2\/types\/page"}],"author":[{"embeddable":true,"href":"https:\/\/ibero4jobs.com\/es\/wp-json\/wp\/v2\/users\/10"}],"replies":[{"embeddable":true,"href":"https:\/\/ibero4jobs.com\/es\/wp-json\/wp\/v2\/comments?post=5307"}],"version-history":[{"count":61,"href":"https:\/\/ibero4jobs.com\/es\/wp-json\/wp\/v2\/pages\/5307\/revisions"}],"predecessor-version":[{"id":9096,"href":"https:\/\/ibero4jobs.com\/es\/wp-json\/wp\/v2\/pages\/5307\/revisions\/9096"}],"wp:attachment":[{"href":"https:\/\/ibero4jobs.com\/es\/wp-json\/wp\/v2\/media?parent=5307"}],"curies":[{"name":"wp","href":"https:\/\/api.w.org\/{rel}","templated":true}]}}