{"id":2,"date":"2023-07-29T05:19:08","date_gmt":"2023-07-29T03:19:08","guid":{"rendered":"https:\/\/ibero4jobs.com\/?page_id=2"},"modified":"2023-07-29T05:19:08","modified_gmt":"2023-07-29T03:19:08","slug":"sample-page","status":"publish","type":"page","link":"https:\/\/ibero4jobs.com\/en\/sample-page\/","title":{"rendered":"Example page"},"content":{"rendered":"<p>This is an example page. It&#039;s different than a blog post because it will stay in one place and appear in your site navigation (in most themes). Most people start with an &quot;About&quot; page that introduces them to potential site visitors. You might say something like this:<\/p>\n\n\n\n<blockquote class=\"wp-block-quote is-layout-flow wp-block-quote-is-layout-flow\"><p>Hello! I&#039;m a waiter by day, an aspiring actor by night, and this is my website. I live in Mairena del Alcor, I have a dog called Firulais, and I like rebujito (and long afternoons with coffee).<\/p><\/blockquote>\n\n\n\n<p>\u2026or something like that:<\/p>\n\n\n\n<blockquote class=\"wp-block-quote is-layout-flow wp-block-quote-is-layout-flow\"><p>The company &quot;Mariscos Recio&quot; was founded by Antonio Recio Mata. It started out as a small company that supplied seafood to hotels and restaurants, but little by little it has transformed into a large empire. Mariscos Recio, seafood at the best price.<\/p><\/blockquote>\n\n\n\n<p>As a new WordPress user, you should go to <a href=\"https:\/\/ibero4jobs.com\/wp-admin\/\">your desktop<\/a> to delete this page and create new pages for your content. Have fun!<\/p>","protected":false},"excerpt":{"rendered":"<p>Esta es una p\u00e1gina de ejemplo. Es diferente a una entrada del blog porque permanecer\u00e1 en un solo lugar y aparecer\u00e1 en la navegaci\u00f3n de tu sitio (en la mayor\u00eda de los temas). La mayor\u00eda de las personas comienzan con una p\u00e1gina \u00abAcerca de\u00bb que les presenta a los visitantes potenciales del sitio. Podr\u00edas decir [&hellip;]<\/p>","protected":false},"author":10,"featured_media":0,"parent":0,"menu_order":0,"comment_status":"closed","ping_status":"open","template":"","meta":{"_monsterinsights_skip_tracking":false,"_monsterinsights_sitenote_active":false,"_monsterinsights_sitenote_note":"","_monsterinsights_sitenote_category":0,"footnotes":""},"class_list":["post-2","page","type-page","status-publish","hentry"],"_links":{"self":[{"href":"https:\/\/ibero4jobs.com\/en\/wp-json\/wp\/v2\/pages\/2","targetHints":{"allow":["GET"]}}],"collection":[{"href":"https:\/\/ibero4jobs.com\/en\/wp-json\/wp\/v2\/pages"}],"about":[{"href":"https:\/\/ibero4jobs.com\/en\/wp-json\/wp\/v2\/types\/page"}],"author":[{"embeddable":true,"href":"https:\/\/ibero4jobs.com\/en\/wp-json\/wp\/v2\/users\/10"}],"replies":[{"embeddable":true,"href":"https:\/\/ibero4jobs.com\/en\/wp-json\/wp\/v2\/comments?post=2"}],"version-history":[{"count":0,"href":"https:\/\/ibero4jobs.com\/en\/wp-json\/wp\/v2\/pages\/2\/revisions"}],"wp:attachment":[{"href":"https:\/\/ibero4jobs.com\/en\/wp-json\/wp\/v2\/media?parent=2"}],"curies":[{"name":"wp","href":"https:\/\/api.w.org\/{rel}","templated":true}]}}